{"id":8432,"date":"2024-11-19T16:44:47","date_gmt":"2024-11-19T21:44:47","guid":{"rendered":"https:\/\/pire-espece.com\/?page_id=8432"},"modified":"2024-11-19T16:52:52","modified_gmt":"2024-11-19T21:52:52","slug":"co-production","status":"publish","type":"page","link":"https:\/\/pire-espece.com\/en\/co-production\/","title":{"rendered":"Co-production"},"content":{"rendered":"\t\t<div data-elementor-type=\"wp-page\" data-elementor-id=\"8432\" class=\"elementor elementor-8432 elementor-8407\" data-elementor-post-type=\"page\">\n\t\t\t\t\t\t<section class=\"elementor-section elementor-top-section elementor-element elementor-element-34e32b9 elementor-section-height-min-height elementor-section-items-bottom elementor-section-boxed elementor-section-height-default\" data-id=\"34e32b9\" data-element_type=\"section\" data-e-type=\"section\" data-settings=\"{&quot;background_background&quot;:&quot;classic&quot;}\">\n\t\t\t\t\t\t\t<div class=\"elementor-background-overlay\"><\/div>\n\t\t\t\t\t\t\t<div class=\"elementor-container elementor-column-gap-default\">\n\t\t\t\t\t<div class=\"elementor-column elementor-col-100 elementor-top-column elementor-element elementor-element-51b947d\" data-id=\"51b947d\" data-element_type=\"column\" data-e-type=\"column\">\n\t\t\t<div class=\"elementor-widget-wrap elementor-element-populated\">\n\t\t\t\t\t\t<section class=\"elementor-section elementor-inner-section elementor-element elementor-element-f64b8ff elementor-section-height-min-height elementor-section-boxed elementor-section-height-default\" data-id=\"f64b8ff\" data-element_type=\"section\" data-e-type=\"section\" data-settings=\"{&quot;background_background&quot;:&quot;classic&quot;}\">\n\t\t\t\t\t\t<div class=\"elementor-container elementor-column-gap-default\">\n\t\t\t\t\t<div class=\"elementor-column elementor-col-100 elementor-inner-column elementor-element elementor-element-8a92aca\" data-id=\"8a92aca\" data-element_type=\"column\" data-e-type=\"column\">\n\t\t\t<div class=\"elementor-widget-wrap\">\n\t\t\t\t\t\t\t<\/div>\n\t\t<\/div>\n\t\t\t\t\t<\/div>\n\t\t<\/section>\n\t\t\t\t\t<\/div>\n\t\t<\/div>\n\t\t\t\t\t<\/div>\n\t\t<\/section>\n\t\t\t\t<section class=\"elementor-section elementor-top-section elementor-element elementor-element-250feb3 elementor-section-boxed elementor-section-height-default elementor-section-height-default\" data-id=\"250feb3\" data-element_type=\"section\" data-e-type=\"section\" data-settings=\"{&quot;background_background&quot;:&quot;classic&quot;}\">\n\t\t\t\t\t\t\t<div class=\"elementor-background-overlay\"><\/div>\n\t\t\t\t\t\t\t<div class=\"elementor-container elementor-column-gap-default\">\n\t\t\t\t\t<div class=\"elementor-column elementor-col-25 elementor-top-column elementor-element elementor-element-7ac0de4\" data-id=\"7ac0de4\" data-element_type=\"column\" data-e-type=\"column\">\n\t\t\t<div class=\"elementor-widget-wrap elementor-element-populated\">\n\t\t\t\t\t\t<div class=\"elementor-element elementor-element-b1cd7a0 elementor-widget elementor-widget-text-editor\" data-id=\"b1cd7a0\" data-element_type=\"widget\" data-e-type=\"widget\" data-widget_type=\"text-editor.default\">\n\t\t\t\t<div class=\"elementor-widget-container\">\n\t\t\t\t\t\t\t\t\t<h2 style=\"text-align: center;\"><a href=\"https:\/\/pire-espece.com\/en\/all-our-shows\/\">All our<br \/>Shows<\/a><\/h2>\t\t\t\t\t\t\t\t<\/div>\n\t\t\t\t<\/div>\n\t\t\t\t<div class=\"elementor-element elementor-element-9a2cb34 elementor-widget elementor-widget-image\" data-id=\"9a2cb34\" data-element_type=\"widget\" data-e-type=\"widget\" data-widget_type=\"image.default\">\n\t\t\t\t<div class=\"elementor-widget-container\">\n\t\t\t\t\t\t\t\t\t\t\t\t\t\t\t<img decoding=\"async\" width=\"434\" height=\"15\" src=\"https:\/\/pire-espece.com\/wp-content\/uploads\/2024\/11\/ligne_h_points_big.png\" class=\"attachment-large size-large wp-image-8434\" alt=\"\" srcset=\"https:\/\/pire-espece.com\/wp-content\/uploads\/2024\/11\/ligne_h_points_big.png 434w, https:\/\/pire-espece.com\/wp-content\/uploads\/2024\/11\/ligne_h_points_big-300x10.png 300w\" sizes=\"(max-width: 434px) 100vw, 434px\" \/>\t\t\t\t\t\t\t\t\t\t\t\t\t\t\t<\/div>\n\t\t\t\t<\/div>\n\t\t\t\t\t<\/div>\n\t\t<\/div>\n\t\t\t\t<div class=\"elementor-column elementor-col-25 elementor-top-column elementor-element elementor-element-e6e8972\" data-id=\"e6e8972\" data-element_type=\"column\" data-e-type=\"column\">\n\t\t\t<div class=\"elementor-widget-wrap elementor-element-populated\">\n\t\t\t\t\t\t<div class=\"elementor-element elementor-element-e8e9c65 elementor-widget elementor-widget-text-editor\" data-id=\"e8e9c65\" data-element_type=\"widget\" data-e-type=\"widget\" data-widget_type=\"text-editor.default\">\n\t\t\t\t<div class=\"elementor-widget-container\">\n\t\t\t\t\t\t\t\t\t<h2 style=\"text-align: center;\"><a href=\"https:\/\/pire-espece.com\/en\/available-for-touring\/\">Available<br \/>for Touring<\/a><\/h2>\t\t\t\t\t\t\t\t<\/div>\n\t\t\t\t<\/div>\n\t\t\t\t<div class=\"elementor-element elementor-element-b1b7f38 elementor-widget elementor-widget-image\" data-id=\"b1b7f38\" data-element_type=\"widget\" data-e-type=\"widget\" data-widget_type=\"image.default\">\n\t\t\t\t<div class=\"elementor-widget-container\">\n\t\t\t\t\t\t\t\t\t\t\t\t\t\t\t<img decoding=\"async\" width=\"434\" height=\"15\" src=\"https:\/\/pire-espece.com\/wp-content\/uploads\/2024\/11\/ligne_h_points_big.png\" class=\"attachment-large size-large wp-image-8434\" alt=\"\" srcset=\"https:\/\/pire-espece.com\/wp-content\/uploads\/2024\/11\/ligne_h_points_big.png 434w, https:\/\/pire-espece.com\/wp-content\/uploads\/2024\/11\/ligne_h_points_big-300x10.png 300w\" sizes=\"(max-width: 434px) 100vw, 434px\" \/>\t\t\t\t\t\t\t\t\t\t\t\t\t\t\t<\/div>\n\t\t\t\t<\/div>\n\t\t\t\t\t<\/div>\n\t\t<\/div>\n\t\t\t\t<div class=\"elementor-column elementor-col-25 elementor-top-column elementor-element elementor-element-7f8daf2\" data-id=\"7f8daf2\" data-element_type=\"column\" data-e-type=\"column\">\n\t\t\t<div class=\"elementor-widget-wrap elementor-element-populated\">\n\t\t\t\t\t\t<div class=\"elementor-element elementor-element-093a9c4 elementor-widget elementor-widget-text-editor\" data-id=\"093a9c4\" data-element_type=\"widget\" data-e-type=\"widget\" data-widget_type=\"text-editor.default\">\n\t\t\t\t<div class=\"elementor-widget-container\">\n\t\t\t\t\t\t\t\t\t<h2 style=\"text-align: center;\"><a href=\"https:\/\/pire-espece.com\/en\/upcoming\/\">Upcoming<\/a><\/h2>\t\t\t\t\t\t\t\t<\/div>\n\t\t\t\t<\/div>\n\t\t\t\t<div class=\"elementor-element elementor-element-1b06d32 elementor-widget elementor-widget-image\" data-id=\"1b06d32\" data-element_type=\"widget\" data-e-type=\"widget\" data-widget_type=\"image.default\">\n\t\t\t\t<div class=\"elementor-widget-container\">\n\t\t\t\t\t\t\t\t\t\t\t\t\t\t\t<img decoding=\"async\" width=\"434\" height=\"15\" src=\"https:\/\/pire-espece.com\/wp-content\/uploads\/2024\/11\/ligne_h_points_big.png\" class=\"attachment-large size-large wp-image-8434\" alt=\"\" srcset=\"https:\/\/pire-espece.com\/wp-content\/uploads\/2024\/11\/ligne_h_points_big.png 434w, https:\/\/pire-espece.com\/wp-content\/uploads\/2024\/11\/ligne_h_points_big-300x10.png 300w\" sizes=\"(max-width: 434px) 100vw, 434px\" \/>\t\t\t\t\t\t\t\t\t\t\t\t\t\t\t<\/div>\n\t\t\t\t<\/div>\n\t\t\t\t\t<\/div>\n\t\t<\/div>\n\t\t\t\t<div class=\"elementor-column elementor-col-25 elementor-top-column elementor-element elementor-element-32516c8\" data-id=\"32516c8\" data-element_type=\"column\" data-e-type=\"column\">\n\t\t\t<div class=\"elementor-widget-wrap elementor-element-populated\">\n\t\t\t\t\t\t<div class=\"elementor-element elementor-element-9ca7502 elementor-widget elementor-widget-text-editor\" data-id=\"9ca7502\" data-element_type=\"widget\" data-e-type=\"widget\" data-widget_type=\"text-editor.default\">\n\t\t\t\t<div class=\"elementor-widget-container\">\n\t\t\t\t\t\t\t\t\t<h2 style=\"text-align: center;\">Co-production<\/h2>\t\t\t\t\t\t\t\t<\/div>\n\t\t\t\t<\/div>\n\t\t\t\t<div class=\"elementor-element elementor-element-ae5f2c3 elementor-widget elementor-widget-image\" data-id=\"ae5f2c3\" data-element_type=\"widget\" data-e-type=\"widget\" data-widget_type=\"image.default\">\n\t\t\t\t<div class=\"elementor-widget-container\">\n\t\t\t\t\t\t\t\t\t\t\t\t\t\t\t<img decoding=\"async\" width=\"434\" height=\"15\" src=\"https:\/\/pire-espece.com\/wp-content\/uploads\/2024\/11\/ligne_h_points_big.png\" class=\"attachment-large size-large wp-image-8434\" alt=\"\" srcset=\"https:\/\/pire-espece.com\/wp-content\/uploads\/2024\/11\/ligne_h_points_big.png 434w, https:\/\/pire-espece.com\/wp-content\/uploads\/2024\/11\/ligne_h_points_big-300x10.png 300w\" sizes=\"(max-width: 434px) 100vw, 434px\" \/>\t\t\t\t\t\t\t\t\t\t\t\t\t\t\t<\/div>\n\t\t\t\t<\/div>\n\t\t\t\t\t<\/div>\n\t\t<\/div>\n\t\t\t\t\t<\/div>\n\t\t<\/section>\n\t\t\t\t<section class=\"elementor-section elementor-top-section elementor-element elementor-element-f4bb4ce elementor-section-boxed elementor-section-height-default elementor-section-height-default\" data-id=\"f4bb4ce\" data-element_type=\"section\" data-e-type=\"section\" data-settings=\"{&quot;background_background&quot;:&quot;classic&quot;}\">\n\t\t\t\t\t\t\t<div class=\"elementor-background-overlay\"><\/div>\n\t\t\t\t\t\t\t<div class=\"elementor-container elementor-column-gap-default\">\n\t\t\t\t\t<div class=\"elementor-column elementor-col-100 elementor-top-column elementor-element elementor-element-598676d\" data-id=\"598676d\" data-element_type=\"column\" data-e-type=\"column\">\n\t\t\t<div class=\"elementor-widget-wrap elementor-element-populated\">\n\t\t\t\t\t\t\t<\/div>\n\t\t<\/div>\n\t\t\t\t\t<\/div>\n\t\t<\/section>\n\t\t\t\t<\/div>\n\t\t","protected":false},"excerpt":{"rendered":"<p>All ourShows Availablefor Touring Upcoming Co-production<\/p>\n","protected":false},"author":1,"featured_media":0,"parent":0,"menu_order":0,"comment_status":"closed","ping_status":"closed","template":"elementor_header_footer","meta":{"_acf_changed":false,"site-sidebar-layout":"no-sidebar","site-content-layout":"page-builder","ast-site-content-layout":"full-width-container","site-content-style":"default","site-sidebar-style":"default","ast-global-header-display":"","ast-banner-title-visibility":"","ast-main-header-display":"","ast-hfb-above-header-display":"","ast-hfb-below-header-display":"","ast-hfb-mobile-header-display":"","site-post-title":"disabled","ast-breadcrumbs-content":"","ast-featured-img":"disabled","footer-sml-layout":"","ast-disable-related-posts":"","theme-transparent-header-meta":"default","adv-header-id-meta":"","stick-header-meta":"","header-above-stick-meta":"","header-main-stick-meta":"","header-below-stick-meta":"","astra-migrate-meta-layouts":"set","ast-page-background-enabled":"default","ast-page-background-meta":{"desktop":{"background-color":"var(--ast-global-color-4)","background-image":"","background-repeat":"repeat","background-position":"center center","background-size":"auto","background-attachment":"scroll","background-type":"","background-media":"","overlay-type":"","overlay-color":"","overlay-opacity":"","overlay-gradient":""},"tablet":{"background-color":"","background-image":"","background-repeat":"repeat","background-position":"center center","background-size":"auto","background-attachment":"scroll","background-type":"","background-media":"","overlay-type":"","overlay-color":"","overlay-opacity":"","overlay-gradient":""},"mobile":{"background-color":"","background-image":"","background-repeat":"repeat","background-position":"center center","background-size":"auto","background-attachment":"scroll","background-type":"","background-media":"","overlay-type":"","overlay-color":"","overlay-opacity":"","overlay-gradient":""}},"ast-content-background-meta":{"desktop":{"background-color":"var(--ast-global-color-5)","background-image":"","background-repeat":"repeat","background-position":"center center","background-size":"auto","background-attachment":"scroll","background-type":"","background-media":"","overlay-type":"","overlay-color":"","overlay-opacity":"","overlay-gradient":""},"tablet":{"background-color":"var(--ast-global-color-5)","background-image":"","background-repeat":"repeat","background-position":"center center","background-size":"auto","background-attachment":"scroll","background-type":"","background-media":"","overlay-type":"","overlay-color":"","overlay-opacity":"","overlay-gradient":""},"mobile":{"background-color":"var(--ast-global-color-5)","background-image":"","background-repeat":"repeat","background-position":"center center","background-size":"auto","background-attachment":"scroll","background-type":"","background-media":"","overlay-type":"","overlay-color":"","overlay-opacity":"","overlay-gradient":""}},"footnotes":""},"class_list":["post-8432","page","type-page","status-publish","hentry"],"acf":[],"yoast_head":"<!-- This site is optimized with the Yoast SEO plugin v27.0 - https:\/\/yoast.com\/product\/yoast-seo-wordpress\/ -->\n<title>Co-production - Th\u00e9\u00e2tre de la Pire Esp\u00e8ce<\/title>\n<meta name=\"robots\" content=\"index, follow, max-snippet:-1, max-image-preview:large, max-video-preview:-1\" \/>\n<link rel=\"canonical\" href=\"https:\/\/pire-espece.com\/en\/co-production\/\" \/>\n<meta property=\"og:locale\" content=\"en_US\" \/>\n<meta property=\"og:type\" content=\"article\" \/>\n<meta property=\"og:title\" content=\"Co-production - Th\u00e9\u00e2tre de la Pire Esp\u00e8ce\" \/>\n<meta property=\"og:description\" content=\"All ourShows Availablefor Touring Upcoming Co-production\" \/>\n<meta property=\"og:url\" content=\"https:\/\/pire-espece.com\/en\/co-production\/\" \/>\n<meta property=\"og:site_name\" content=\"Th\u00e9\u00e2tre de la Pire Esp\u00e8ce\" \/>\n<meta property=\"article:publisher\" content=\"https:\/\/www.facebook.com\/theatredelapireespece\/\" \/>\n<meta property=\"article:modified_time\" content=\"2024-11-19T21:52:52+00:00\" \/>\n<meta property=\"og:image\" content=\"https:\/\/pire-espece.com\/wp-content\/uploads\/2024\/11\/ligne_h_points_big.png\" \/>\n\t<meta property=\"og:image:width\" content=\"434\" \/>\n\t<meta property=\"og:image:height\" content=\"15\" \/>\n\t<meta property=\"og:image:type\" content=\"image\/png\" \/>\n<meta name=\"twitter:card\" content=\"summary_large_image\" \/>\n<meta name=\"twitter:site\" content=\"@PireEspece\" \/>\n<meta name=\"twitter:label1\" content=\"Est. reading time\" \/>\n\t<meta name=\"twitter:data1\" content=\"1 minute\" \/>\n<script type=\"application\/ld+json\" class=\"yoast-schema-graph\">{\"@context\":\"https:\/\/schema.org\",\"@graph\":[{\"@type\":\"WebPage\",\"@id\":\"https:\/\/pire-espece.com\/en\/co-production\/\",\"url\":\"https:\/\/pire-espece.com\/en\/co-production\/\",\"name\":\"Co-production - Th\u00e9\u00e2tre de la Pire Esp\u00e8ce\",\"isPartOf\":{\"@id\":\"https:\/\/pire-espece.com\/#website\"},\"primaryImageOfPage\":{\"@id\":\"https:\/\/pire-espece.com\/en\/co-production\/#primaryimage\"},\"image\":{\"@id\":\"https:\/\/pire-espece.com\/en\/co-production\/#primaryimage\"},\"thumbnailUrl\":\"https:\/\/pire-espece.com\/wp-content\/uploads\/2024\/11\/ligne_h_points_big.png\",\"datePublished\":\"2024-11-19T21:44:47+00:00\",\"dateModified\":\"2024-11-19T21:52:52+00:00\",\"breadcrumb\":{\"@id\":\"https:\/\/pire-espece.com\/en\/co-production\/#breadcrumb\"},\"inLanguage\":\"en-US\",\"potentialAction\":[{\"@type\":\"ReadAction\",\"target\":[\"https:\/\/pire-espece.com\/en\/co-production\/\"]}]},{\"@type\":\"ImageObject\",\"inLanguage\":\"en-US\",\"@id\":\"https:\/\/pire-espece.com\/en\/co-production\/#primaryimage\",\"url\":\"https:\/\/pire-espece.com\/wp-content\/uploads\/2024\/11\/ligne_h_points_big.png\",\"contentUrl\":\"https:\/\/pire-espece.com\/wp-content\/uploads\/2024\/11\/ligne_h_points_big.png\"},{\"@type\":\"BreadcrumbList\",\"@id\":\"https:\/\/pire-espece.com\/en\/co-production\/#breadcrumb\",\"itemListElement\":[{\"@type\":\"ListItem\",\"position\":1,\"name\":\"Accueil\",\"item\":\"https:\/\/pire-espece.com\/en\/\"},{\"@type\":\"ListItem\",\"position\":2,\"name\":\"Co-production\"}]},{\"@type\":\"WebSite\",\"@id\":\"https:\/\/pire-espece.com\/#website\",\"url\":\"https:\/\/pire-espece.com\/\",\"name\":\"Th\u00e9\u00e2tre de la Pire Esp\u00e8ce\",\"description\":\"Compagnie de th\u00e9\u00e2tre d&#039;objets\",\"publisher\":{\"@id\":\"https:\/\/pire-espece.com\/#organization\"},\"potentialAction\":[{\"@type\":\"SearchAction\",\"target\":{\"@type\":\"EntryPoint\",\"urlTemplate\":\"https:\/\/pire-espece.com\/?s={search_term_string}\"},\"query-input\":{\"@type\":\"PropertyValueSpecification\",\"valueRequired\":true,\"valueName\":\"search_term_string\"}}],\"inLanguage\":\"en-US\"},{\"@type\":\"Organization\",\"@id\":\"https:\/\/pire-espece.com\/#organization\",\"name\":\"La Pire Esp\u00e8ce\",\"url\":\"https:\/\/pire-espece.com\/\",\"logo\":{\"@type\":\"ImageObject\",\"inLanguage\":\"en-US\",\"@id\":\"https:\/\/pire-espece.com\/#\/schema\/logo\/image\/\",\"url\":\"https:\/\/pire-espece.com\/wp-content\/uploads\/2019\/02\/logo-pire-espece_rouge.png\",\"contentUrl\":\"https:\/\/pire-espece.com\/wp-content\/uploads\/2019\/02\/logo-pire-espece_rouge.png\",\"width\":200,\"height\":242,\"caption\":\"La Pire Esp\u00e8ce\"},\"image\":{\"@id\":\"https:\/\/pire-espece.com\/#\/schema\/logo\/image\/\"},\"sameAs\":[\"https:\/\/www.facebook.com\/theatredelapireespece\/\",\"https:\/\/x.com\/PireEspece\",\"https:\/\/www.instagram.com\/lapireespece\/\",\"https:\/\/www.youtube.com\/user\/PireEspece\"]}]}<\/script>\n<!-- \/ Yoast SEO plugin. -->","yoast_head_json":{"title":"Co-production - Th\u00e9\u00e2tre de la Pire Esp\u00e8ce","robots":{"index":"index","follow":"follow","max-snippet":"max-snippet:-1","max-image-preview":"max-image-preview:large","max-video-preview":"max-video-preview:-1"},"canonical":"https:\/\/pire-espece.com\/en\/co-production\/","og_locale":"en_US","og_type":"article","og_title":"Co-production - Th\u00e9\u00e2tre de la Pire Esp\u00e8ce","og_description":"All ourShows Availablefor Touring Upcoming Co-production","og_url":"https:\/\/pire-espece.com\/en\/co-production\/","og_site_name":"Th\u00e9\u00e2tre de la Pire Esp\u00e8ce","article_publisher":"https:\/\/www.facebook.com\/theatredelapireespece\/","article_modified_time":"2024-11-19T21:52:52+00:00","og_image":[{"width":434,"height":15,"url":"https:\/\/pire-espece.com\/wp-content\/uploads\/2024\/11\/ligne_h_points_big.png","type":"image\/png"}],"twitter_card":"summary_large_image","twitter_site":"@PireEspece","twitter_misc":{"Est. reading time":"1 minute"},"schema":{"@context":"https:\/\/schema.org","@graph":[{"@type":"WebPage","@id":"https:\/\/pire-espece.com\/en\/co-production\/","url":"https:\/\/pire-espece.com\/en\/co-production\/","name":"Co-production - Th\u00e9\u00e2tre de la Pire Esp\u00e8ce","isPartOf":{"@id":"https:\/\/pire-espece.com\/#website"},"primaryImageOfPage":{"@id":"https:\/\/pire-espece.com\/en\/co-production\/#primaryimage"},"image":{"@id":"https:\/\/pire-espece.com\/en\/co-production\/#primaryimage"},"thumbnailUrl":"https:\/\/pire-espece.com\/wp-content\/uploads\/2024\/11\/ligne_h_points_big.png","datePublished":"2024-11-19T21:44:47+00:00","dateModified":"2024-11-19T21:52:52+00:00","breadcrumb":{"@id":"https:\/\/pire-espece.com\/en\/co-production\/#breadcrumb"},"inLanguage":"en-US","potentialAction":[{"@type":"ReadAction","target":["https:\/\/pire-espece.com\/en\/co-production\/"]}]},{"@type":"ImageObject","inLanguage":"en-US","@id":"https:\/\/pire-espece.com\/en\/co-production\/#primaryimage","url":"https:\/\/pire-espece.com\/wp-content\/uploads\/2024\/11\/ligne_h_points_big.png","contentUrl":"https:\/\/pire-espece.com\/wp-content\/uploads\/2024\/11\/ligne_h_points_big.png"},{"@type":"BreadcrumbList","@id":"https:\/\/pire-espece.com\/en\/co-production\/#breadcrumb","itemListElement":[{"@type":"ListItem","position":1,"name":"Accueil","item":"https:\/\/pire-espece.com\/en\/"},{"@type":"ListItem","position":2,"name":"Co-production"}]},{"@type":"WebSite","@id":"https:\/\/pire-espece.com\/#website","url":"https:\/\/pire-espece.com\/","name":"Th\u00e9\u00e2tre de la Pire Esp\u00e8ce","description":"Compagnie de th\u00e9\u00e2tre d&#039;objets","publisher":{"@id":"https:\/\/pire-espece.com\/#organization"},"potentialAction":[{"@type":"SearchAction","target":{"@type":"EntryPoint","urlTemplate":"https:\/\/pire-espece.com\/?s={search_term_string}"},"query-input":{"@type":"PropertyValueSpecification","valueRequired":true,"valueName":"search_term_string"}}],"inLanguage":"en-US"},{"@type":"Organization","@id":"https:\/\/pire-espece.com\/#organization","name":"La Pire Esp\u00e8ce","url":"https:\/\/pire-espece.com\/","logo":{"@type":"ImageObject","inLanguage":"en-US","@id":"https:\/\/pire-espece.com\/#\/schema\/logo\/image\/","url":"https:\/\/pire-espece.com\/wp-content\/uploads\/2019\/02\/logo-pire-espece_rouge.png","contentUrl":"https:\/\/pire-espece.com\/wp-content\/uploads\/2019\/02\/logo-pire-espece_rouge.png","width":200,"height":242,"caption":"La Pire Esp\u00e8ce"},"image":{"@id":"https:\/\/pire-espece.com\/#\/schema\/logo\/image\/"},"sameAs":["https:\/\/www.facebook.com\/theatredelapireespece\/","https:\/\/x.com\/PireEspece","https:\/\/www.instagram.com\/lapireespece\/","https:\/\/www.youtube.com\/user\/PireEspece"]}]}},"_links":{"self":[{"href":"https:\/\/pire-espece.com\/en\/wp-json\/wp\/v2\/pages\/8432","targetHints":{"allow":["GET"]}}],"collection":[{"href":"https:\/\/pire-espece.com\/en\/wp-json\/wp\/v2\/pages"}],"about":[{"href":"https:\/\/pire-espece.com\/en\/wp-json\/wp\/v2\/types\/page"}],"author":[{"embeddable":true,"href":"https:\/\/pire-espece.com\/en\/wp-json\/wp\/v2\/users\/1"}],"replies":[{"embeddable":true,"href":"https:\/\/pire-espece.com\/en\/wp-json\/wp\/v2\/comments?post=8432"}],"version-history":[{"count":2,"href":"https:\/\/pire-espece.com\/en\/wp-json\/wp\/v2\/pages\/8432\/revisions"}],"predecessor-version":[{"id":8454,"href":"https:\/\/pire-espece.com\/en\/wp-json\/wp\/v2\/pages\/8432\/revisions\/8454"}],"wp:attachment":[{"href":"https:\/\/pire-espece.com\/en\/wp-json\/wp\/v2\/media?parent=8432"}],"curies":[{"name":"wp","href":"https:\/\/api.w.org\/{rel}","templated":true}]}}