{"id":3394,"date":"2019-02-02T14:56:26","date_gmt":"2019-02-02T19:56:26","guid":{"rendered":"https:\/\/pire-espece.com\/?page_id=3394"},"modified":"2019-02-04T15:13:45","modified_gmt":"2019-02-04T20:13:45","slug":"newsletter","status":"publish","type":"page","link":"https:\/\/pire-espece.com\/en\/newsletter\/","title":{"rendered":"newsletter"},"content":{"rendered":"\t\t<div data-elementor-type=\"wp-post\" data-elementor-id=\"3394\" class=\"elementor elementor-3394 elementor-3388 elementor-bc-flex-widget\" data-elementor-post-type=\"page\">\n\t\t\t\t\t\t<section class=\"elementor-section elementor-top-section elementor-element elementor-element-6c358c2b elementor-section-height-min-height elementor-section-items-bottom elementor-section-boxed elementor-section-height-default\" data-id=\"6c358c2b\" data-element_type=\"section\" data-e-type=\"section\" data-settings=\"{&quot;background_background&quot;:&quot;classic&quot;}\">\n\t\t\t\t\t\t\t<div class=\"elementor-background-overlay\"><\/div>\n\t\t\t\t\t\t\t<div class=\"elementor-container elementor-column-gap-default\">\n\t\t\t\t\t<div class=\"elementor-column elementor-col-100 elementor-top-column elementor-element elementor-element-d8e7451\" data-id=\"d8e7451\" data-element_type=\"column\" data-e-type=\"column\">\n\t\t\t<div class=\"elementor-widget-wrap elementor-element-populated\">\n\t\t\t\t\t\t<section class=\"elementor-section elementor-inner-section elementor-element elementor-element-7ee7176c elementor-section-height-min-height elementor-section-boxed elementor-section-height-default\" data-id=\"7ee7176c\" data-element_type=\"section\" data-e-type=\"section\" data-settings=\"{&quot;background_background&quot;:&quot;classic&quot;}\">\n\t\t\t\t\t\t<div class=\"elementor-container elementor-column-gap-default\">\n\t\t\t\t\t<div class=\"elementor-column elementor-col-100 elementor-inner-column elementor-element elementor-element-fa22179\" data-id=\"fa22179\" data-element_type=\"column\" data-e-type=\"column\">\n\t\t\t<div class=\"elementor-widget-wrap\">\n\t\t\t\t\t\t\t<\/div>\n\t\t<\/div>\n\t\t\t\t\t<\/div>\n\t\t<\/section>\n\t\t\t\t\t<\/div>\n\t\t<\/div>\n\t\t\t\t\t<\/div>\n\t\t<\/section>\n\t\t\t\t<section class=\"elementor-section elementor-top-section elementor-element elementor-element-1513deb2 elementor-section-boxed elementor-section-height-default elementor-section-height-default\" data-id=\"1513deb2\" data-element_type=\"section\" data-e-type=\"section\" data-settings=\"{&quot;background_background&quot;:&quot;classic&quot;}\">\n\t\t\t\t\t\t\t<div class=\"elementor-background-overlay\"><\/div>\n\t\t\t\t\t\t\t<div class=\"elementor-container elementor-column-gap-default\">\n\t\t\t\t\t<div class=\"elementor-column elementor-col-100 elementor-top-column elementor-element elementor-element-1bdbf7c6\" data-id=\"1bdbf7c6\" data-element_type=\"column\" data-e-type=\"column\">\n\t\t\t<div class=\"elementor-widget-wrap elementor-element-populated\">\n\t\t\t\t\t\t<div class=\"elementor-element elementor-element-799509c4 elementor-widget elementor-widget-text-editor\" data-id=\"799509c4\" data-element_type=\"widget\" data-e-type=\"widget\" data-widget_type=\"text-editor.default\">\n\t\t\t\t<div class=\"elementor-widget-container\">\n\t\t\t\t\t\t\t\t\t<h1>newsletter<\/h1>\t\t\t\t\t\t\t\t<\/div>\n\t\t\t\t<\/div>\n\t\t\t\t<div class=\"elementor-element elementor-element-5576667a elementor-widget elementor-widget-image\" data-id=\"5576667a\" data-element_type=\"widget\" data-e-type=\"widget\" data-widget_type=\"image.default\">\n\t\t\t\t<div class=\"elementor-widget-container\">\n\t\t\t\t\t\t\t\t\t\t\t\t\t\t\t<img decoding=\"async\" width=\"434\" height=\"15\" src=\"https:\/\/pire-espece.com\/wp-content\/uploads\/2019\/01\/ligne_h_points_big.png\" class=\"attachment-large size-large wp-image-697\" alt=\"\" srcset=\"https:\/\/pire-espece.com\/wp-content\/uploads\/2019\/01\/ligne_h_points_big.png 434w, https:\/\/pire-espece.com\/wp-content\/uploads\/2019\/01\/ligne_h_points_big-300x10.png 300w\" sizes=\"(max-width: 434px) 100vw, 434px\" \/>\t\t\t\t\t\t\t\t\t\t\t\t\t\t\t<\/div>\n\t\t\t\t<\/div>\n\t\t\t\t\t<\/div>\n\t\t<\/div>\n\t\t\t\t\t<\/div>\n\t\t<\/section>\n\t\t\t\t<section class=\"elementor-section elementor-top-section elementor-element elementor-element-b85b70c elementor-section-boxed elementor-section-height-default elementor-section-height-default\" data-id=\"b85b70c\" data-element_type=\"section\" data-e-type=\"section\" data-settings=\"{&quot;background_background&quot;:&quot;classic&quot;}\">\n\t\t\t\t\t\t\t<div class=\"elementor-background-overlay\"><\/div>\n\t\t\t\t\t\t\t<div class=\"elementor-container elementor-column-gap-default\">\n\t\t\t\t\t<div class=\"elementor-column elementor-col-50 elementor-top-column elementor-element elementor-element-72f82249\" data-id=\"72f82249\" data-element_type=\"column\" data-e-type=\"column\">\n\t\t\t<div class=\"elementor-widget-wrap elementor-element-populated\">\n\t\t\t\t\t\t<div class=\"elementor-element elementor-element-76163cf0 elementor-widget elementor-widget-text-editor\" data-id=\"76163cf0\" data-element_type=\"widget\" data-e-type=\"widget\" data-widget_type=\"text-editor.default\">\n\t\t\t\t<div class=\"elementor-widget-container\">\n\t\t\t\t\t\t\t\t\t<h2>You will hear from us!<\/h2>\t\t\t\t\t\t\t\t<\/div>\n\t\t\t\t<\/div>\n\t\t\t\t<div class=\"elementor-element elementor-element-95735e5 elementor-widget elementor-widget-spacer\" data-id=\"95735e5\" data-element_type=\"widget\" data-e-type=\"widget\" data-widget_type=\"spacer.default\">\n\t\t\t\t<div class=\"elementor-widget-container\">\n\t\t\t\t\t\t\t<div class=\"elementor-spacer\">\n\t\t\t<div class=\"elementor-spacer-inner\"><\/div>\n\t\t<\/div>\n\t\t\t\t\t\t<\/div>\n\t\t\t\t<\/div>\n\t\t\t\t<div class=\"elementor-element elementor-element-5f5b3522 elementor-widget elementor-widget-text-editor\" data-id=\"5f5b3522\" data-element_type=\"widget\" data-e-type=\"widget\" data-widget_type=\"text-editor.default\">\n\t\t\t\t<div class=\"elementor-widget-container\">\n\t\t\t\t\t\t\t\t\t<p>Your life can not do without our hot news? Subscribe to our newsletter and be the first to know about the company&#8217;s wildest secrets.<\/p>\t\t\t\t\t\t\t\t<\/div>\n\t\t\t\t<\/div>\n\t\t\t\t\t<\/div>\n\t\t<\/div>\n\t\t\t\t<div class=\"elementor-column elementor-col-50 elementor-top-column elementor-element elementor-element-71789c21\" data-id=\"71789c21\" data-element_type=\"column\" data-e-type=\"column\">\n\t\t\t<div class=\"elementor-widget-wrap elementor-element-populated\">\n\t\t\t\t\t\t<section class=\"elementor-section elementor-inner-section elementor-element elementor-element-5bd27390 elementor-section-boxed elementor-section-height-default elementor-section-height-default\" data-id=\"5bd27390\" data-element_type=\"section\" data-e-type=\"section\">\n\t\t\t\t\t\t<div class=\"elementor-container elementor-column-gap-default\">\n\t\t\t\t\t<div class=\"elementor-column elementor-col-100 elementor-inner-column elementor-element elementor-element-34bce\" data-id=\"34bce\" data-element_type=\"column\" data-e-type=\"column\">\n\t\t\t<div class=\"elementor-widget-wrap elementor-element-populated\">\n\t\t\t\t\t\t<div class=\"elementor-element elementor-element-463d64fb elementor-vertical-align-middle elementor-position-left elementor-widget elementor-widget-image-box\" data-id=\"463d64fb\" data-element_type=\"widget\" data-e-type=\"widget\" data-widget_type=\"image-box.default\">\n\t\t\t\t<div class=\"elementor-widget-container\">\n\t\t\t\t\t<div class=\"elementor-image-box-wrapper\"><figure class=\"elementor-image-box-img\"><img decoding=\"async\" width=\"152\" height=\"120\" src=\"https:\/\/pire-espece.com\/wp-content\/uploads\/2019\/01\/icone-enveloppe.png\" class=\"attachment-full size-full wp-image-2358\" alt=\"\" \/><\/figure><div class=\"elementor-image-box-content\"><h3 class=\"elementor-image-box-title\">Mailing List<\/h3><\/div><\/div>\t\t\t\t<\/div>\n\t\t\t\t<\/div>\n\t\t\t\t\t<\/div>\n\t\t<\/div>\n\t\t\t\t\t<\/div>\n\t\t<\/section>\n\t\t\t\t<div class=\"elementor-element elementor-element-6f0666ba elementor-widget elementor-widget-text-editor\" data-id=\"6f0666ba\" data-element_type=\"widget\" data-e-type=\"widget\" data-widget_type=\"text-editor.default\">\n\t\t\t\t<div class=\"elementor-widget-container\">\n\t\t\t\t\t\t\t\t\t<h5>Let&#8217;s keep in touch!<\/h5>\t\t\t\t\t\t\t\t<\/div>\n\t\t\t\t<\/div>\n\t\t\t\t<section class=\"elementor-section elementor-inner-section elementor-element elementor-element-3153e7d5 elementor-section-boxed elementor-section-height-default elementor-section-height-default\" data-id=\"3153e7d5\" data-element_type=\"section\" data-e-type=\"section\" data-settings=\"{&quot;background_background&quot;:&quot;classic&quot;}\">\n\t\t\t\t\t\t<div class=\"elementor-container elementor-column-gap-default\">\n\t\t\t\t\t<div class=\"elementor-column elementor-col-100 elementor-inner-column elementor-element elementor-element-269d107e\" data-id=\"269d107e\" data-element_type=\"column\" data-e-type=\"column\">\n\t\t\t<div class=\"elementor-widget-wrap elementor-element-populated\">\n\t\t\t\t\t\t<div class=\"elementor-element elementor-element-15201603 elementor-button-align-center elementor-widget elementor-widget-form\" data-id=\"15201603\" data-element_type=\"widget\" data-e-type=\"widget\" data-settings=\"{&quot;button_width_tablet&quot;:&quot;100&quot;,&quot;button_width&quot;:&quot;100&quot;,&quot;step_next_label&quot;:&quot;Next&quot;,&quot;step_previous_label&quot;:&quot;Previous&quot;,&quot;step_type&quot;:&quot;number_text&quot;,&quot;step_icon_shape&quot;:&quot;circle&quot;}\" data-widget_type=\"form.default\">\n\t\t\t\t<div class=\"elementor-widget-container\">\n\t\t\t\t\t\t\t<form class=\"elementor-form\" method=\"post\" name=\"Nouveau formulaire\" aria-label=\"Nouveau formulaire\">\n\t\t\t<input type=\"hidden\" name=\"post_id\" value=\"3394\"\/>\n\t\t\t<input type=\"hidden\" name=\"form_id\" value=\"15201603\"\/>\n\t\t\t<input type=\"hidden\" name=\"referer_title\" value=\"newsletter - Th\u00e9\u00e2tre de la Pire Esp\u00e8ce\" \/>\n\n\t\t\t\t\t\t\t<input type=\"hidden\" name=\"queried_id\" value=\"3394\"\/>\n\t\t\t\n\t\t\t<div class=\"elementor-form-fields-wrapper elementor-labels-above\">\n\t\t\t\t\t\t\t\t<div class=\"elementor-field-type-text elementor-field-group elementor-column elementor-field-group-prenom elementor-col-100\">\n\t\t\t\t\t\t\t\t\t\t\t\t\t<input size=\"1\" type=\"text\" name=\"form_fields[prenom]\" id=\"form-field-prenom\" class=\"elementor-field elementor-size-sm  elementor-field-textual\" placeholder=\"First Name\">\n\t\t\t\t\t\t\t\t\t\t\t<\/div>\n\t\t\t\t\t\t\t\t<div class=\"elementor-field-type-text elementor-field-group elementor-column elementor-field-group-nom elementor-col-100 elementor-md-100\">\n\t\t\t\t\t\t\t\t\t\t\t\t\t<input size=\"1\" type=\"text\" name=\"form_fields[nom]\" id=\"form-field-nom\" class=\"elementor-field elementor-size-sm  elementor-field-textual\" placeholder=\"Last Name\">\n\t\t\t\t\t\t\t\t\t\t\t<\/div>\n\t\t\t\t\t\t\t\t<div class=\"elementor-field-type-email elementor-field-group elementor-column elementor-field-group-courriel elementor-col-100 elementor-md-100 elementor-field-required\">\n\t\t\t\t\t\t\t\t\t\t\t\t\t<input size=\"1\" type=\"email\" name=\"form_fields[courriel]\" id=\"form-field-courriel\" class=\"elementor-field elementor-size-sm  elementor-field-textual\" placeholder=\"Email *\" required=\"required\">\n\t\t\t\t\t\t\t\t\t\t\t<\/div>\n\t\t\t\t\t\t\t\t<div class=\"elementor-field-type-text elementor-field-group elementor-column elementor-field-group-ville elementor-col-100 elementor-md-100\">\n\t\t\t\t\t\t\t\t\t\t\t\t\t<input size=\"1\" type=\"text\" name=\"form_fields[ville]\" id=\"form-field-ville\" class=\"elementor-field elementor-size-sm  elementor-field-textual\" placeholder=\"City\">\n\t\t\t\t\t\t\t\t\t\t\t<\/div>\n\t\t\t\t\t\t\t\t<div class=\"elementor-field-type-text elementor-field-group elementor-column elementor-field-group-pays elementor-col-100 elementor-md-100\">\n\t\t\t\t\t\t\t\t\t\t\t\t\t<input size=\"1\" type=\"text\" name=\"form_fields[pays]\" id=\"form-field-pays\" class=\"elementor-field elementor-size-sm  elementor-field-textual\" placeholder=\"Country\">\n\t\t\t\t\t\t\t\t\t\t\t<\/div>\n\t\t\t\t\t\t\t\t<div class=\"elementor-field-group elementor-column elementor-field-type-submit elementor-col-100 e-form__buttons elementor-md-100\">\n\t\t\t\t\t<button class=\"elementor-button elementor-size-sm\" type=\"submit\">\n\t\t\t\t\t\t<span class=\"elementor-button-content-wrapper\">\n\t\t\t\t\t\t\t\t\t\t\t\t\t\t\t\t\t\t\t\t\t\t<span class=\"elementor-button-text\">&gt; subscribe<\/span>\n\t\t\t\t\t\t\t\t\t\t\t\t\t<\/span>\n\t\t\t\t\t<\/button>\n\t\t\t\t<\/div>\n\t\t\t<\/div>\n\t\t<\/form>\n\t\t\t\t\t\t<\/div>\n\t\t\t\t<\/div>\n\t\t\t\t\t<\/div>\n\t\t<\/div>\n\t\t\t\t\t<\/div>\n\t\t<\/section>\n\t\t\t\t<div class=\"elementor-element elementor-element-34046a9 elementor-widget elementor-widget-spacer\" data-id=\"34046a9\" data-element_type=\"widget\" data-e-type=\"widget\" data-widget_type=\"spacer.default\">\n\t\t\t\t<div class=\"elementor-widget-container\">\n\t\t\t\t\t\t\t<div class=\"elementor-spacer\">\n\t\t\t<div class=\"elementor-spacer-inner\"><\/div>\n\t\t<\/div>\n\t\t\t\t\t\t<\/div>\n\t\t\t\t<\/div>\n\t\t\t\t\t<\/div>\n\t\t<\/div>\n\t\t\t\t\t<\/div>\n\t\t<\/section>\n\t\t\t\t<\/div>\n\t\t","protected":false},"excerpt":{"rendered":"<p>newsletter You will hear from us! Your life can not do without our hot news? Subscribe to our newsletter and be the first to know about the company&#8217;s wildest secrets. Mailing List Let&#8217;s keep in touch!<\/p>\n","protected":false},"author":1,"featured_media":0,"parent":0,"menu_order":0,"comment_status":"closed","ping_status":"closed","template":"elementor_header_footer","meta":{"_acf_changed":false,"site-sidebar-layout":"no-sidebar","site-content-layout":"page-builder","ast-site-content-layout":"default","site-content-style":"default","site-sidebar-style":"default","ast-global-header-display":"","ast-banner-title-visibility":"","ast-main-header-display":"","ast-hfb-above-header-display":"","ast-hfb-below-header-display":"","ast-hfb-mobile-header-display":"","site-post-title":"disabled","ast-breadcrumbs-content":"","ast-featured-img":"disabled","footer-sml-layout":"","ast-disable-related-posts":"","theme-transparent-header-meta":"default","adv-header-id-meta":"","stick-header-meta":"","header-above-stick-meta":"","header-main-stick-meta":"","header-below-stick-meta":"","astra-migrate-meta-layouts":"default","ast-page-background-enabled":"default","ast-page-background-meta":{"desktop":{"background-color":"var(--ast-global-color-4)","background-image":"","background-repeat":"repeat","background-position":"center center","background-size":"auto","background-attachment":"scroll","background-type":"","background-media":"","overlay-type":"","overlay-color":"","overlay-opacity":"","overlay-gradient":""},"tablet":{"background-color":"","background-image":"","background-repeat":"repeat","background-position":"center center","background-size":"auto","background-attachment":"scroll","background-type":"","background-media":"","overlay-type":"","overlay-color":"","overlay-opacity":"","overlay-gradient":""},"mobile":{"background-color":"","background-image":"","background-repeat":"repeat","background-position":"center center","background-size":"auto","background-attachment":"scroll","background-type":"","background-media":"","overlay-type":"","overlay-color":"","overlay-opacity":"","overlay-gradient":""}},"ast-content-background-meta":{"desktop":{"background-color":"var(--ast-global-color-5)","background-image":"","background-repeat":"repeat","background-position":"center center","background-size":"auto","background-attachment":"scroll","background-type":"","background-media":"","overlay-type":"","overlay-color":"","overlay-opacity":"","overlay-gradient":""},"tablet":{"background-color":"var(--ast-global-color-5)","background-image":"","background-repeat":"repeat","background-position":"center center","background-size":"auto","background-attachment":"scroll","background-type":"","background-media":"","overlay-type":"","overlay-color":"","overlay-opacity":"","overlay-gradient":""},"mobile":{"background-color":"var(--ast-global-color-5)","background-image":"","background-repeat":"repeat","background-position":"center center","background-size":"auto","background-attachment":"scroll","background-type":"","background-media":"","overlay-type":"","overlay-color":"","overlay-opacity":"","overlay-gradient":""}},"footnotes":""},"class_list":["post-3394","page","type-page","status-publish","hentry"],"acf":[],"yoast_head":"<!-- This site is optimized with the Yoast SEO plugin v27.0 - https:\/\/yoast.com\/product\/yoast-seo-wordpress\/ -->\n<title>newsletter - Th\u00e9\u00e2tre de la Pire Esp\u00e8ce<\/title>\n<meta name=\"robots\" content=\"index, follow, max-snippet:-1, max-image-preview:large, max-video-preview:-1\" \/>\n<link rel=\"canonical\" href=\"https:\/\/pire-espece.com\/en\/newsletter\/\" \/>\n<meta property=\"og:locale\" content=\"en_US\" \/>\n<meta property=\"og:type\" content=\"article\" \/>\n<meta property=\"og:title\" content=\"newsletter - Th\u00e9\u00e2tre de la Pire Esp\u00e8ce\" \/>\n<meta property=\"og:description\" content=\"newsletter You will hear from us! Your life can not do without our hot news? Subscribe to our newsletter and be the first to know about the company&#8217;s wildest secrets. Mailing List Let&#8217;s keep in touch!\" \/>\n<meta property=\"og:url\" content=\"https:\/\/pire-espece.com\/en\/newsletter\/\" \/>\n<meta property=\"og:site_name\" content=\"Th\u00e9\u00e2tre de la Pire Esp\u00e8ce\" \/>\n<meta property=\"article:publisher\" content=\"https:\/\/www.facebook.com\/theatredelapireespece\/\" \/>\n<meta property=\"article:modified_time\" content=\"2019-02-04T20:13:45+00:00\" \/>\n<meta property=\"og:image\" content=\"https:\/\/pire-espece.com\/wp-content\/uploads\/2019\/01\/ligne_h_points_big.png\" \/>\n<meta name=\"twitter:card\" content=\"summary_large_image\" \/>\n<meta name=\"twitter:site\" content=\"@PireEspece\" \/>\n<script type=\"application\/ld+json\" class=\"yoast-schema-graph\">{\"@context\":\"https:\/\/schema.org\",\"@graph\":[{\"@type\":\"WebPage\",\"@id\":\"https:\/\/pire-espece.com\/en\/newsletter\/\",\"url\":\"https:\/\/pire-espece.com\/en\/newsletter\/\",\"name\":\"newsletter - Th\u00e9\u00e2tre de la Pire Esp\u00e8ce\",\"isPartOf\":{\"@id\":\"https:\/\/pire-espece.com\/#website\"},\"primaryImageOfPage\":{\"@id\":\"https:\/\/pire-espece.com\/en\/newsletter\/#primaryimage\"},\"image\":{\"@id\":\"https:\/\/pire-espece.com\/en\/newsletter\/#primaryimage\"},\"thumbnailUrl\":\"https:\/\/pire-espece.com\/wp-content\/uploads\/2019\/01\/ligne_h_points_big.png\",\"datePublished\":\"2019-02-02T19:56:26+00:00\",\"dateModified\":\"2019-02-04T20:13:45+00:00\",\"breadcrumb\":{\"@id\":\"https:\/\/pire-espece.com\/en\/newsletter\/#breadcrumb\"},\"inLanguage\":\"en-US\",\"potentialAction\":[{\"@type\":\"ReadAction\",\"target\":[\"https:\/\/pire-espece.com\/en\/newsletter\/\"]}]},{\"@type\":\"ImageObject\",\"inLanguage\":\"en-US\",\"@id\":\"https:\/\/pire-espece.com\/en\/newsletter\/#primaryimage\",\"url\":\"https:\/\/pire-espece.com\/wp-content\/uploads\/2019\/01\/ligne_h_points_big.png\",\"contentUrl\":\"https:\/\/pire-espece.com\/wp-content\/uploads\/2019\/01\/ligne_h_points_big.png\"},{\"@type\":\"BreadcrumbList\",\"@id\":\"https:\/\/pire-espece.com\/en\/newsletter\/#breadcrumb\",\"itemListElement\":[{\"@type\":\"ListItem\",\"position\":1,\"name\":\"Accueil\",\"item\":\"https:\/\/pire-espece.com\/en\/\"},{\"@type\":\"ListItem\",\"position\":2,\"name\":\"newsletter\"}]},{\"@type\":\"WebSite\",\"@id\":\"https:\/\/pire-espece.com\/#website\",\"url\":\"https:\/\/pire-espece.com\/\",\"name\":\"Th\u00e9\u00e2tre de la Pire Esp\u00e8ce\",\"description\":\"Compagnie de th\u00e9\u00e2tre d&#039;objets\",\"publisher\":{\"@id\":\"https:\/\/pire-espece.com\/#organization\"},\"potentialAction\":[{\"@type\":\"SearchAction\",\"target\":{\"@type\":\"EntryPoint\",\"urlTemplate\":\"https:\/\/pire-espece.com\/?s={search_term_string}\"},\"query-input\":{\"@type\":\"PropertyValueSpecification\",\"valueRequired\":true,\"valueName\":\"search_term_string\"}}],\"inLanguage\":\"en-US\"},{\"@type\":\"Organization\",\"@id\":\"https:\/\/pire-espece.com\/#organization\",\"name\":\"La Pire Esp\u00e8ce\",\"url\":\"https:\/\/pire-espece.com\/\",\"logo\":{\"@type\":\"ImageObject\",\"inLanguage\":\"en-US\",\"@id\":\"https:\/\/pire-espece.com\/#\/schema\/logo\/image\/\",\"url\":\"https:\/\/pire-espece.com\/wp-content\/uploads\/2019\/02\/logo-pire-espece_rouge.png\",\"contentUrl\":\"https:\/\/pire-espece.com\/wp-content\/uploads\/2019\/02\/logo-pire-espece_rouge.png\",\"width\":200,\"height\":242,\"caption\":\"La Pire Esp\u00e8ce\"},\"image\":{\"@id\":\"https:\/\/pire-espece.com\/#\/schema\/logo\/image\/\"},\"sameAs\":[\"https:\/\/www.facebook.com\/theatredelapireespece\/\",\"https:\/\/x.com\/PireEspece\",\"https:\/\/www.instagram.com\/lapireespece\/\",\"https:\/\/www.youtube.com\/user\/PireEspece\"]}]}<\/script>\n<!-- \/ Yoast SEO plugin. -->","yoast_head_json":{"title":"newsletter - Th\u00e9\u00e2tre de la Pire Esp\u00e8ce","robots":{"index":"index","follow":"follow","max-snippet":"max-snippet:-1","max-image-preview":"max-image-preview:large","max-video-preview":"max-video-preview:-1"},"canonical":"https:\/\/pire-espece.com\/en\/newsletter\/","og_locale":"en_US","og_type":"article","og_title":"newsletter - Th\u00e9\u00e2tre de la Pire Esp\u00e8ce","og_description":"newsletter You will hear from us! Your life can not do without our hot news? Subscribe to our newsletter and be the first to know about the company&#8217;s wildest secrets. Mailing List Let&#8217;s keep in touch!","og_url":"https:\/\/pire-espece.com\/en\/newsletter\/","og_site_name":"Th\u00e9\u00e2tre de la Pire Esp\u00e8ce","article_publisher":"https:\/\/www.facebook.com\/theatredelapireespece\/","article_modified_time":"2019-02-04T20:13:45+00:00","og_image":[{"url":"https:\/\/pire-espece.com\/wp-content\/uploads\/2019\/01\/ligne_h_points_big.png","type":"","width":"","height":""}],"twitter_card":"summary_large_image","twitter_site":"@PireEspece","schema":{"@context":"https:\/\/schema.org","@graph":[{"@type":"WebPage","@id":"https:\/\/pire-espece.com\/en\/newsletter\/","url":"https:\/\/pire-espece.com\/en\/newsletter\/","name":"newsletter - Th\u00e9\u00e2tre de la Pire Esp\u00e8ce","isPartOf":{"@id":"https:\/\/pire-espece.com\/#website"},"primaryImageOfPage":{"@id":"https:\/\/pire-espece.com\/en\/newsletter\/#primaryimage"},"image":{"@id":"https:\/\/pire-espece.com\/en\/newsletter\/#primaryimage"},"thumbnailUrl":"https:\/\/pire-espece.com\/wp-content\/uploads\/2019\/01\/ligne_h_points_big.png","datePublished":"2019-02-02T19:56:26+00:00","dateModified":"2019-02-04T20:13:45+00:00","breadcrumb":{"@id":"https:\/\/pire-espece.com\/en\/newsletter\/#breadcrumb"},"inLanguage":"en-US","potentialAction":[{"@type":"ReadAction","target":["https:\/\/pire-espece.com\/en\/newsletter\/"]}]},{"@type":"ImageObject","inLanguage":"en-US","@id":"https:\/\/pire-espece.com\/en\/newsletter\/#primaryimage","url":"https:\/\/pire-espece.com\/wp-content\/uploads\/2019\/01\/ligne_h_points_big.png","contentUrl":"https:\/\/pire-espece.com\/wp-content\/uploads\/2019\/01\/ligne_h_points_big.png"},{"@type":"BreadcrumbList","@id":"https:\/\/pire-espece.com\/en\/newsletter\/#breadcrumb","itemListElement":[{"@type":"ListItem","position":1,"name":"Accueil","item":"https:\/\/pire-espece.com\/en\/"},{"@type":"ListItem","position":2,"name":"newsletter"}]},{"@type":"WebSite","@id":"https:\/\/pire-espece.com\/#website","url":"https:\/\/pire-espece.com\/","name":"Th\u00e9\u00e2tre de la Pire Esp\u00e8ce","description":"Compagnie de th\u00e9\u00e2tre d&#039;objets","publisher":{"@id":"https:\/\/pire-espece.com\/#organization"},"potentialAction":[{"@type":"SearchAction","target":{"@type":"EntryPoint","urlTemplate":"https:\/\/pire-espece.com\/?s={search_term_string}"},"query-input":{"@type":"PropertyValueSpecification","valueRequired":true,"valueName":"search_term_string"}}],"inLanguage":"en-US"},{"@type":"Organization","@id":"https:\/\/pire-espece.com\/#organization","name":"La Pire Esp\u00e8ce","url":"https:\/\/pire-espece.com\/","logo":{"@type":"ImageObject","inLanguage":"en-US","@id":"https:\/\/pire-espece.com\/#\/schema\/logo\/image\/","url":"https:\/\/pire-espece.com\/wp-content\/uploads\/2019\/02\/logo-pire-espece_rouge.png","contentUrl":"https:\/\/pire-espece.com\/wp-content\/uploads\/2019\/02\/logo-pire-espece_rouge.png","width":200,"height":242,"caption":"La Pire Esp\u00e8ce"},"image":{"@id":"https:\/\/pire-espece.com\/#\/schema\/logo\/image\/"},"sameAs":["https:\/\/www.facebook.com\/theatredelapireespece\/","https:\/\/x.com\/PireEspece","https:\/\/www.instagram.com\/lapireespece\/","https:\/\/www.youtube.com\/user\/PireEspece"]}]}},"_links":{"self":[{"href":"https:\/\/pire-espece.com\/en\/wp-json\/wp\/v2\/pages\/3394","targetHints":{"allow":["GET"]}}],"collection":[{"href":"https:\/\/pire-espece.com\/en\/wp-json\/wp\/v2\/pages"}],"about":[{"href":"https:\/\/pire-espece.com\/en\/wp-json\/wp\/v2\/types\/page"}],"author":[{"embeddable":true,"href":"https:\/\/pire-espece.com\/en\/wp-json\/wp\/v2\/users\/1"}],"replies":[{"embeddable":true,"href":"https:\/\/pire-espece.com\/en\/wp-json\/wp\/v2\/comments?post=3394"}],"version-history":[{"count":0,"href":"https:\/\/pire-espece.com\/en\/wp-json\/wp\/v2\/pages\/3394\/revisions"}],"wp:attachment":[{"href":"https:\/\/pire-espece.com\/en\/wp-json\/wp\/v2\/media?parent=3394"}],"curies":[{"name":"wp","href":"https:\/\/api.w.org\/{rel}","templated":true}]}}