{"id":3064,"date":"2019-02-01T11:19:53","date_gmt":"2019-02-01T16:19:53","guid":{"rendered":"https:\/\/pire-espece.com\/?page_id=3064"},"modified":"2019-02-04T15:17:09","modified_gmt":"2019-02-04T20:17:09","slug":"partners","status":"publish","type":"page","link":"https:\/\/pire-espece.com\/en\/partners\/","title":{"rendered":"Partners"},"content":{"rendered":"\t\t<div data-elementor-type=\"wp-post\" data-elementor-id=\"3064\" class=\"elementor elementor-3064 elementor-2311 elementor-bc-flex-widget\" data-elementor-post-type=\"page\">\n\t\t\t\t\t\t<section class=\"elementor-section elementor-top-section elementor-element elementor-element-249a66b2 elementor-section-height-min-height elementor-section-items-bottom elementor-section-boxed elementor-section-height-default\" data-id=\"249a66b2\" data-element_type=\"section\" data-e-type=\"section\" data-settings=\"{&quot;background_background&quot;:&quot;classic&quot;}\">\n\t\t\t\t\t\t\t<div class=\"elementor-background-overlay\"><\/div>\n\t\t\t\t\t\t\t<div class=\"elementor-container elementor-column-gap-default\">\n\t\t\t\t\t<div class=\"elementor-column elementor-col-100 elementor-top-column elementor-element elementor-element-8605208\" data-id=\"8605208\" data-element_type=\"column\" data-e-type=\"column\">\n\t\t\t<div class=\"elementor-widget-wrap elementor-element-populated\">\n\t\t\t\t\t\t<section class=\"elementor-section elementor-inner-section elementor-element elementor-element-63baf546 elementor-section-height-min-height elementor-section-boxed elementor-section-height-default\" data-id=\"63baf546\" data-element_type=\"section\" data-e-type=\"section\" data-settings=\"{&quot;background_background&quot;:&quot;classic&quot;}\">\n\t\t\t\t\t\t<div class=\"elementor-container elementor-column-gap-default\">\n\t\t\t\t\t<div class=\"elementor-column elementor-col-100 elementor-inner-column elementor-element elementor-element-5b220ec1\" data-id=\"5b220ec1\" data-element_type=\"column\" data-e-type=\"column\">\n\t\t\t<div class=\"elementor-widget-wrap\">\n\t\t\t\t\t\t\t<\/div>\n\t\t<\/div>\n\t\t\t\t\t<\/div>\n\t\t<\/section>\n\t\t\t\t\t<\/div>\n\t\t<\/div>\n\t\t\t\t\t<\/div>\n\t\t<\/section>\n\t\t\t\t<section class=\"elementor-section elementor-top-section elementor-element elementor-element-aafc725 elementor-section-boxed elementor-section-height-default elementor-section-height-default\" data-id=\"aafc725\" data-element_type=\"section\" data-e-type=\"section\" data-settings=\"{&quot;background_background&quot;:&quot;classic&quot;}\">\n\t\t\t\t\t\t\t<div class=\"elementor-background-overlay\"><\/div>\n\t\t\t\t\t\t\t<div class=\"elementor-container elementor-column-gap-default\">\n\t\t\t\t\t<div class=\"elementor-column elementor-col-100 elementor-top-column elementor-element elementor-element-14d3a6f7\" data-id=\"14d3a6f7\" data-element_type=\"column\" data-e-type=\"column\">\n\t\t\t<div class=\"elementor-widget-wrap elementor-element-populated\">\n\t\t\t\t\t\t<div class=\"elementor-element elementor-element-1d88a6d3 elementor-widget elementor-widget-text-editor\" data-id=\"1d88a6d3\" data-element_type=\"widget\" data-e-type=\"widget\" data-widget_type=\"text-editor.default\">\n\t\t\t\t<div class=\"elementor-widget-container\">\n\t\t\t\t\t\t\t\t\t<h1>Partners<\/h1>\t\t\t\t\t\t\t\t<\/div>\n\t\t\t\t<\/div>\n\t\t\t\t<div class=\"elementor-element elementor-element-3e5ccb1b elementor-widget elementor-widget-image\" data-id=\"3e5ccb1b\" data-element_type=\"widget\" data-e-type=\"widget\" data-widget_type=\"image.default\">\n\t\t\t\t<div class=\"elementor-widget-container\">\n\t\t\t\t\t\t\t\t\t\t\t\t\t\t\t<img decoding=\"async\" width=\"434\" height=\"15\" src=\"https:\/\/pire-espece.com\/wp-content\/uploads\/2019\/01\/ligne_h_points_big-1.png\" class=\"attachment-large size-large wp-image-1561\" alt=\"\" srcset=\"https:\/\/pire-espece.com\/wp-content\/uploads\/2019\/01\/ligne_h_points_big-1.png 434w, https:\/\/pire-espece.com\/wp-content\/uploads\/2019\/01\/ligne_h_points_big-1-300x10.png 300w\" sizes=\"(max-width: 434px) 100vw, 434px\" \/>\t\t\t\t\t\t\t\t\t\t\t\t\t\t\t<\/div>\n\t\t\t\t<\/div>\n\t\t\t\t\t<\/div>\n\t\t<\/div>\n\t\t\t\t\t<\/div>\n\t\t<\/section>\n\t\t\t\t<section class=\"elementor-section elementor-top-section elementor-element elementor-element-6e832ac0 elementor-section-boxed elementor-section-height-default elementor-section-height-default\" data-id=\"6e832ac0\" data-element_type=\"section\" data-e-type=\"section\" data-settings=\"{&quot;background_background&quot;:&quot;classic&quot;}\">\n\t\t\t\t\t\t\t<div class=\"elementor-background-overlay\"><\/div>\n\t\t\t\t\t\t\t<div class=\"elementor-container elementor-column-gap-default\">\n\t\t\t\t\t<div class=\"elementor-column elementor-col-50 elementor-top-column elementor-element elementor-element-2f4008cd\" data-id=\"2f4008cd\" data-element_type=\"column\" data-e-type=\"column\">\n\t\t\t<div class=\"elementor-widget-wrap elementor-element-populated\">\n\t\t\t\t\t\t<div class=\"elementor-element elementor-element-61886e58 elementor-widget elementor-widget-text-editor\" data-id=\"61886e58\" data-element_type=\"widget\" data-e-type=\"widget\" data-widget_type=\"text-editor.default\">\n\t\t\t\t<div class=\"elementor-widget-container\">\n\t\t\t\t\t\t\t\t\t<p><a href=\"https:\/\/conseildesarts.ca\/\"><img decoding=\"async\" class=\"alignnone wp-image-2318\" src=\"https:\/\/pire-espece.com\/wp-content\/uploads\/2019\/01\/logo-conseil_arts_canada.png\" alt=\"\" width=\"300\" height=\"55\" srcset=\"https:\/\/pire-espece.com\/wp-content\/uploads\/2019\/01\/logo-conseil_arts_canada.png 650w, https:\/\/pire-espece.com\/wp-content\/uploads\/2019\/01\/logo-conseil_arts_canada-300x55.png 300w\" sizes=\"(max-width: 300px) 100vw, 300px\" \/><\/a><\/p><p><a href=\"https:\/\/www.calq.gouv.qc.ca\/\"><img decoding=\"async\" class=\"alignnone wp-image-2314\" src=\"https:\/\/pire-espece.com\/wp-content\/uploads\/2019\/01\/Calq_noir-300x133.png\" alt=\"\" width=\"185\" height=\"82\" \/><\/a><\/p><p><a href=\"https:\/\/www.artsmontreal.org\/fr\"><img loading=\"lazy\" decoding=\"async\" class=\"alignnone wp-image-2316\" src=\"https:\/\/pire-espece.com\/wp-content\/uploads\/2019\/01\/logo-cam-montreal.png\" alt=\"\" width=\"205\" height=\"98\" srcset=\"https:\/\/pire-espece.com\/wp-content\/uploads\/2019\/01\/logo-cam-montreal.png 340w, https:\/\/pire-espece.com\/wp-content\/uploads\/2019\/01\/logo-cam-montreal-300x144.png 300w\" sizes=\"(max-width: 205px) 100vw, 205px\" \/><\/a><\/p><p><img loading=\"lazy\" decoding=\"async\" class=\"alignnone size-full wp-image-225\" src=\"https:\/\/pire-espece.com\/wp-content\/uploads\/2018\/12\/ligne_h-points-medium.png\" alt=\"\" width=\"236\" height=\"6\" \/><\/p><p><a href=\"http:\/\/auxecuries.com\/\"><img loading=\"lazy\" decoding=\"async\" class=\"alignnone wp-image-2334\" src=\"https:\/\/pire-espece.com\/wp-content\/uploads\/2019\/01\/logo-aux-ecuries2.png\" alt=\"\" width=\"76\" height=\"135\" srcset=\"https:\/\/pire-espece.com\/wp-content\/uploads\/2019\/01\/logo-aux-ecuries2.png 218w, https:\/\/pire-espece.com\/wp-content\/uploads\/2019\/01\/logo-aux-ecuries2-168x300.png 168w\" sizes=\"(max-width: 76px) 100vw, 76px\" \/>\u00a0<\/a><\/p>\t\t\t\t\t\t\t\t<\/div>\n\t\t\t\t<\/div>\n\t\t\t\t\t<\/div>\n\t\t<\/div>\n\t\t\t\t<div class=\"elementor-column elementor-col-50 elementor-top-column elementor-element elementor-element-2400e09e\" data-id=\"2400e09e\" data-element_type=\"column\" data-e-type=\"column\">\n\t\t\t<div class=\"elementor-widget-wrap elementor-element-populated\">\n\t\t\t\t\t\t<div class=\"elementor-element elementor-element-24d0c266 elementor-widget elementor-widget-text-editor\" data-id=\"24d0c266\" data-element_type=\"widget\" data-e-type=\"widget\" data-widget_type=\"text-editor.default\">\n\t\t\t\t<div class=\"elementor-widget-container\">\n\t\t\t\t\t\t\t\t\t<h2 style=\"text-align: left;\">Acknowledgments<\/h2>\t\t\t\t\t\t\t\t<\/div>\n\t\t\t\t<\/div>\n\t\t\t\t<div class=\"elementor-element elementor-element-739e7a14 elementor-widget elementor-widget-spacer\" data-id=\"739e7a14\" data-element_type=\"widget\" data-e-type=\"widget\" data-widget_type=\"spacer.default\">\n\t\t\t\t<div class=\"elementor-widget-container\">\n\t\t\t\t\t\t\t<div class=\"elementor-spacer\">\n\t\t\t<div class=\"elementor-spacer-inner\"><\/div>\n\t\t<\/div>\n\t\t\t\t\t\t<\/div>\n\t\t\t\t<\/div>\n\t\t\t\t<div class=\"elementor-element elementor-element-1332d3d4 elementor-widget elementor-widget-text-editor\" data-id=\"1332d3d4\" data-element_type=\"widget\" data-e-type=\"widget\" data-widget_type=\"text-editor.default\">\n\t\t\t\t<div class=\"elementor-widget-container\">\n\t\t\t\t\t\t\t\t\t<h5>La Pire Esp\u00e8ce would like to thank all its partners for their support and accompaniment over the years.<\/h5><p>We also want to recognize the contribution of our one our founders and favourite innovators,\u00a0<strong>David Lavoie.\u00a0<\/strong>David was the company\u2019s executive director for more than 10 years. We worked together and he spearheaded the creation of <a href=\"http:\/\/auxecuries.com\/\" target=\"_blank\" rel=\"noopener\">Th\u00e9\u00e2tre Aux \u00c9curies<\/a> as well as the Carte Prem1\u00e8res subscription. To this day, he remains a valuable La Pire Esp\u00e8ce contributor and he continues to share our ideals through his active participation on our Board of Directors.<\/p><h4><strong>Thanks to our friends<\/strong><\/h4><p>A note of special thanks is owed to all of the organizations close to La Pire Esp\u00e8ce and with whom we like to collaborate:<\/p><ul><li><a href=\"https:\/\/aqm.ca\/\">AQM \u2013 Association qu\u00e9b\u00e9coise des marionnettistes<\/a><\/li><li><a href=\"https:\/\/lamiam.ca\/\">MIAM \u2013 Maison Internationale des Arts de la Marionnette<\/a><\/li><li><a href=\"https:\/\/festival.casteliers.ca\/\">Festival de Casteliers<\/a><\/li><li><a href=\"http:\/\/www.unimacanada.com\/\">UNIMA Canada<\/a><\/li><li>Qu\u00e9b\u00e9Com<\/li><li>non-exhaustive list<\/li><\/ul>\t\t\t\t\t\t\t\t<\/div>\n\t\t\t\t<\/div>\n\t\t\t\t\t<\/div>\n\t\t<\/div>\n\t\t\t\t\t<\/div>\n\t\t<\/section>\n\t\t\t\t<\/div>\n\t\t","protected":false},"excerpt":{"rendered":"<p>Partners \u00a0 Acknowledgments La Pire Esp\u00e8ce would like to thank all its partners for their support and accompaniment over the years. We also want to recognize the contribution of our one our founders and favourite innovators,\u00a0David Lavoie.\u00a0David was the company\u2019s executive director for more than 10 years. We worked together and he spearheaded the creation [&hellip;]<\/p>\n","protected":false},"author":1,"featured_media":0,"parent":0,"menu_order":0,"comment_status":"closed","ping_status":"closed","template":"elementor_header_footer","meta":{"_acf_changed":false,"site-sidebar-layout":"no-sidebar","site-content-layout":"page-builder","ast-site-content-layout":"default","site-content-style":"default","site-sidebar-style":"default","ast-global-header-display":"","ast-banner-title-visibility":"","ast-main-header-display":"","ast-hfb-above-header-display":"","ast-hfb-below-header-display":"","ast-hfb-mobile-header-display":"","site-post-title":"disabled","ast-breadcrumbs-content":"","ast-featured-img":"disabled","footer-sml-layout":"","ast-disable-related-posts":"","theme-transparent-header-meta":"default","adv-header-id-meta":"","stick-header-meta":"","header-above-stick-meta":"","header-main-stick-meta":"","header-below-stick-meta":"","astra-migrate-meta-layouts":"default","ast-page-background-enabled":"default","ast-page-background-meta":{"desktop":{"background-color":"var(--ast-global-color-4)","background-image":"","background-repeat":"repeat","background-position":"center center","background-size":"auto","background-attachment":"scroll","background-type":"","background-media":"","overlay-type":"","overlay-color":"","overlay-opacity":"","overlay-gradient":""},"tablet":{"background-color":"","background-image":"","background-repeat":"repeat","background-position":"center center","background-size":"auto","background-attachment":"scroll","background-type":"","background-media":"","overlay-type":"","overlay-color":"","overlay-opacity":"","overlay-gradient":""},"mobile":{"background-color":"","background-image":"","background-repeat":"repeat","background-position":"center center","background-size":"auto","background-attachment":"scroll","background-type":"","background-media":"","overlay-type":"","overlay-color":"","overlay-opacity":"","overlay-gradient":""}},"ast-content-background-meta":{"desktop":{"background-color":"var(--ast-global-color-5)","background-image":"","background-repeat":"repeat","background-position":"center center","background-size":"auto","background-attachment":"scroll","background-type":"","background-media":"","overlay-type":"","overlay-color":"","overlay-opacity":"","overlay-gradient":""},"tablet":{"background-color":"var(--ast-global-color-5)","background-image":"","background-repeat":"repeat","background-position":"center center","background-size":"auto","background-attachment":"scroll","background-type":"","background-media":"","overlay-type":"","overlay-color":"","overlay-opacity":"","overlay-gradient":""},"mobile":{"background-color":"var(--ast-global-color-5)","background-image":"","background-repeat":"repeat","background-position":"center center","background-size":"auto","background-attachment":"scroll","background-type":"","background-media":"","overlay-type":"","overlay-color":"","overlay-opacity":"","overlay-gradient":""}},"footnotes":""},"class_list":["post-3064","page","type-page","status-publish","hentry"],"acf":[],"yoast_head":"<!-- This site is optimized with the Yoast SEO plugin v27.0 - https:\/\/yoast.com\/product\/yoast-seo-wordpress\/ -->\n<title>Partners - Th\u00e9\u00e2tre de la Pire Esp\u00e8ce<\/title>\n<meta name=\"robots\" content=\"index, follow, max-snippet:-1, max-image-preview:large, max-video-preview:-1\" \/>\n<link rel=\"canonical\" href=\"https:\/\/pire-espece.com\/en\/partners\/\" \/>\n<meta property=\"og:locale\" content=\"en_US\" \/>\n<meta property=\"og:type\" content=\"article\" \/>\n<meta property=\"og:title\" content=\"Partners - Th\u00e9\u00e2tre de la Pire Esp\u00e8ce\" \/>\n<meta property=\"og:description\" content=\"Partners \u00a0 Acknowledgments La Pire Esp\u00e8ce would like to thank all its partners for their support and accompaniment over the years. We also want to recognize the contribution of our one our founders and favourite innovators,\u00a0David Lavoie.\u00a0David was the company\u2019s executive director for more than 10 years. We worked together and he spearheaded the creation [&hellip;]\" \/>\n<meta property=\"og:url\" content=\"https:\/\/pire-espece.com\/en\/partners\/\" \/>\n<meta property=\"og:site_name\" content=\"Th\u00e9\u00e2tre de la Pire Esp\u00e8ce\" \/>\n<meta property=\"article:publisher\" content=\"https:\/\/www.facebook.com\/theatredelapireespece\/\" \/>\n<meta property=\"article:modified_time\" content=\"2019-02-04T20:17:09+00:00\" \/>\n<meta property=\"og:image\" content=\"https:\/\/pire-espece.com\/wp-content\/uploads\/2019\/01\/ligne_h_points_big-1.png\" \/>\n<meta name=\"twitter:card\" content=\"summary_large_image\" \/>\n<meta name=\"twitter:site\" content=\"@PireEspece\" \/>\n<meta name=\"twitter:label1\" content=\"Est. reading time\" \/>\n\t<meta name=\"twitter:data1\" content=\"1 minute\" \/>\n<script type=\"application\/ld+json\" class=\"yoast-schema-graph\">{\"@context\":\"https:\/\/schema.org\",\"@graph\":[{\"@type\":\"WebPage\",\"@id\":\"https:\/\/pire-espece.com\/en\/partners\/\",\"url\":\"https:\/\/pire-espece.com\/en\/partners\/\",\"name\":\"Partners - Th\u00e9\u00e2tre de la Pire Esp\u00e8ce\",\"isPartOf\":{\"@id\":\"https:\/\/pire-espece.com\/#website\"},\"primaryImageOfPage\":{\"@id\":\"https:\/\/pire-espece.com\/en\/partners\/#primaryimage\"},\"image\":{\"@id\":\"https:\/\/pire-espece.com\/en\/partners\/#primaryimage\"},\"thumbnailUrl\":\"https:\/\/pire-espece.com\/wp-content\/uploads\/2019\/01\/ligne_h_points_big-1.png\",\"datePublished\":\"2019-02-01T16:19:53+00:00\",\"dateModified\":\"2019-02-04T20:17:09+00:00\",\"breadcrumb\":{\"@id\":\"https:\/\/pire-espece.com\/en\/partners\/#breadcrumb\"},\"inLanguage\":\"en-US\",\"potentialAction\":[{\"@type\":\"ReadAction\",\"target\":[\"https:\/\/pire-espece.com\/en\/partners\/\"]}]},{\"@type\":\"ImageObject\",\"inLanguage\":\"en-US\",\"@id\":\"https:\/\/pire-espece.com\/en\/partners\/#primaryimage\",\"url\":\"https:\/\/pire-espece.com\/wp-content\/uploads\/2019\/01\/ligne_h_points_big-1.png\",\"contentUrl\":\"https:\/\/pire-espece.com\/wp-content\/uploads\/2019\/01\/ligne_h_points_big-1.png\"},{\"@type\":\"BreadcrumbList\",\"@id\":\"https:\/\/pire-espece.com\/en\/partners\/#breadcrumb\",\"itemListElement\":[{\"@type\":\"ListItem\",\"position\":1,\"name\":\"Accueil\",\"item\":\"https:\/\/pire-espece.com\/en\/\"},{\"@type\":\"ListItem\",\"position\":2,\"name\":\"Partners\"}]},{\"@type\":\"WebSite\",\"@id\":\"https:\/\/pire-espece.com\/#website\",\"url\":\"https:\/\/pire-espece.com\/\",\"name\":\"Th\u00e9\u00e2tre de la Pire Esp\u00e8ce\",\"description\":\"Compagnie de th\u00e9\u00e2tre d&#039;objets\",\"publisher\":{\"@id\":\"https:\/\/pire-espece.com\/#organization\"},\"potentialAction\":[{\"@type\":\"SearchAction\",\"target\":{\"@type\":\"EntryPoint\",\"urlTemplate\":\"https:\/\/pire-espece.com\/?s={search_term_string}\"},\"query-input\":{\"@type\":\"PropertyValueSpecification\",\"valueRequired\":true,\"valueName\":\"search_term_string\"}}],\"inLanguage\":\"en-US\"},{\"@type\":\"Organization\",\"@id\":\"https:\/\/pire-espece.com\/#organization\",\"name\":\"La Pire Esp\u00e8ce\",\"url\":\"https:\/\/pire-espece.com\/\",\"logo\":{\"@type\":\"ImageObject\",\"inLanguage\":\"en-US\",\"@id\":\"https:\/\/pire-espece.com\/#\/schema\/logo\/image\/\",\"url\":\"https:\/\/pire-espece.com\/wp-content\/uploads\/2019\/02\/logo-pire-espece_rouge.png\",\"contentUrl\":\"https:\/\/pire-espece.com\/wp-content\/uploads\/2019\/02\/logo-pire-espece_rouge.png\",\"width\":200,\"height\":242,\"caption\":\"La Pire Esp\u00e8ce\"},\"image\":{\"@id\":\"https:\/\/pire-espece.com\/#\/schema\/logo\/image\/\"},\"sameAs\":[\"https:\/\/www.facebook.com\/theatredelapireespece\/\",\"https:\/\/x.com\/PireEspece\",\"https:\/\/www.instagram.com\/lapireespece\/\",\"https:\/\/www.youtube.com\/user\/PireEspece\"]}]}<\/script>\n<!-- \/ Yoast SEO plugin. -->","yoast_head_json":{"title":"Partners - Th\u00e9\u00e2tre de la Pire Esp\u00e8ce","robots":{"index":"index","follow":"follow","max-snippet":"max-snippet:-1","max-image-preview":"max-image-preview:large","max-video-preview":"max-video-preview:-1"},"canonical":"https:\/\/pire-espece.com\/en\/partners\/","og_locale":"en_US","og_type":"article","og_title":"Partners - Th\u00e9\u00e2tre de la Pire Esp\u00e8ce","og_description":"Partners \u00a0 Acknowledgments La Pire Esp\u00e8ce would like to thank all its partners for their support and accompaniment over the years. We also want to recognize the contribution of our one our founders and favourite innovators,\u00a0David Lavoie.\u00a0David was the company\u2019s executive director for more than 10 years. We worked together and he spearheaded the creation [&hellip;]","og_url":"https:\/\/pire-espece.com\/en\/partners\/","og_site_name":"Th\u00e9\u00e2tre de la Pire Esp\u00e8ce","article_publisher":"https:\/\/www.facebook.com\/theatredelapireespece\/","article_modified_time":"2019-02-04T20:17:09+00:00","og_image":[{"url":"https:\/\/pire-espece.com\/wp-content\/uploads\/2019\/01\/ligne_h_points_big-1.png","type":"","width":"","height":""}],"twitter_card":"summary_large_image","twitter_site":"@PireEspece","twitter_misc":{"Est. reading time":"1 minute"},"schema":{"@context":"https:\/\/schema.org","@graph":[{"@type":"WebPage","@id":"https:\/\/pire-espece.com\/en\/partners\/","url":"https:\/\/pire-espece.com\/en\/partners\/","name":"Partners - Th\u00e9\u00e2tre de la Pire Esp\u00e8ce","isPartOf":{"@id":"https:\/\/pire-espece.com\/#website"},"primaryImageOfPage":{"@id":"https:\/\/pire-espece.com\/en\/partners\/#primaryimage"},"image":{"@id":"https:\/\/pire-espece.com\/en\/partners\/#primaryimage"},"thumbnailUrl":"https:\/\/pire-espece.com\/wp-content\/uploads\/2019\/01\/ligne_h_points_big-1.png","datePublished":"2019-02-01T16:19:53+00:00","dateModified":"2019-02-04T20:17:09+00:00","breadcrumb":{"@id":"https:\/\/pire-espece.com\/en\/partners\/#breadcrumb"},"inLanguage":"en-US","potentialAction":[{"@type":"ReadAction","target":["https:\/\/pire-espece.com\/en\/partners\/"]}]},{"@type":"ImageObject","inLanguage":"en-US","@id":"https:\/\/pire-espece.com\/en\/partners\/#primaryimage","url":"https:\/\/pire-espece.com\/wp-content\/uploads\/2019\/01\/ligne_h_points_big-1.png","contentUrl":"https:\/\/pire-espece.com\/wp-content\/uploads\/2019\/01\/ligne_h_points_big-1.png"},{"@type":"BreadcrumbList","@id":"https:\/\/pire-espece.com\/en\/partners\/#breadcrumb","itemListElement":[{"@type":"ListItem","position":1,"name":"Accueil","item":"https:\/\/pire-espece.com\/en\/"},{"@type":"ListItem","position":2,"name":"Partners"}]},{"@type":"WebSite","@id":"https:\/\/pire-espece.com\/#website","url":"https:\/\/pire-espece.com\/","name":"Th\u00e9\u00e2tre de la Pire Esp\u00e8ce","description":"Compagnie de th\u00e9\u00e2tre d&#039;objets","publisher":{"@id":"https:\/\/pire-espece.com\/#organization"},"potentialAction":[{"@type":"SearchAction","target":{"@type":"EntryPoint","urlTemplate":"https:\/\/pire-espece.com\/?s={search_term_string}"},"query-input":{"@type":"PropertyValueSpecification","valueRequired":true,"valueName":"search_term_string"}}],"inLanguage":"en-US"},{"@type":"Organization","@id":"https:\/\/pire-espece.com\/#organization","name":"La Pire Esp\u00e8ce","url":"https:\/\/pire-espece.com\/","logo":{"@type":"ImageObject","inLanguage":"en-US","@id":"https:\/\/pire-espece.com\/#\/schema\/logo\/image\/","url":"https:\/\/pire-espece.com\/wp-content\/uploads\/2019\/02\/logo-pire-espece_rouge.png","contentUrl":"https:\/\/pire-espece.com\/wp-content\/uploads\/2019\/02\/logo-pire-espece_rouge.png","width":200,"height":242,"caption":"La Pire Esp\u00e8ce"},"image":{"@id":"https:\/\/pire-espece.com\/#\/schema\/logo\/image\/"},"sameAs":["https:\/\/www.facebook.com\/theatredelapireespece\/","https:\/\/x.com\/PireEspece","https:\/\/www.instagram.com\/lapireespece\/","https:\/\/www.youtube.com\/user\/PireEspece"]}]}},"_links":{"self":[{"href":"https:\/\/pire-espece.com\/en\/wp-json\/wp\/v2\/pages\/3064","targetHints":{"allow":["GET"]}}],"collection":[{"href":"https:\/\/pire-espece.com\/en\/wp-json\/wp\/v2\/pages"}],"about":[{"href":"https:\/\/pire-espece.com\/en\/wp-json\/wp\/v2\/types\/page"}],"author":[{"embeddable":true,"href":"https:\/\/pire-espece.com\/en\/wp-json\/wp\/v2\/users\/1"}],"replies":[{"embeddable":true,"href":"https:\/\/pire-espece.com\/en\/wp-json\/wp\/v2\/comments?post=3064"}],"version-history":[{"count":0,"href":"https:\/\/pire-espece.com\/en\/wp-json\/wp\/v2\/pages\/3064\/revisions"}],"wp:attachment":[{"href":"https:\/\/pire-espece.com\/en\/wp-json\/wp\/v2\/media?parent=3064"}],"curies":[{"name":"wp","href":"https:\/\/api.w.org\/{rel}","templated":true}]}}