{"id":1766,"date":"2019-01-17T17:30:57","date_gmt":"2019-01-17T22:30:57","guid":{"rendered":"https:\/\/pire-espece.com\/?page_id=1766"},"modified":"2019-01-17T17:33:57","modified_gmt":"2019-01-17T22:33:57","slug":"productions","status":"publish","type":"page","link":"https:\/\/pire-espece.com\/en\/productions\/","title":{"rendered":"Productions"},"content":{"rendered":"\t\t<div data-elementor-type=\"wp-post\" data-elementor-id=\"1766\" class=\"elementor elementor-1766 elementor-596 elementor-bc-flex-widget\" data-elementor-post-type=\"page\">\n\t\t\t\t\t\t<section class=\"elementor-section elementor-top-section elementor-element elementor-element-2fb6fc51 elementor-section-height-min-height elementor-section-items-bottom elementor-section-boxed elementor-section-height-default\" data-id=\"2fb6fc51\" data-element_type=\"section\" data-e-type=\"section\" data-settings=\"{&quot;background_background&quot;:&quot;classic&quot;}\">\n\t\t\t\t\t\t\t<div class=\"elementor-background-overlay\"><\/div>\n\t\t\t\t\t\t\t<div class=\"elementor-container elementor-column-gap-default\">\n\t\t\t\t\t<div class=\"elementor-column elementor-col-100 elementor-top-column elementor-element elementor-element-174e290e\" data-id=\"174e290e\" data-element_type=\"column\" data-e-type=\"column\">\n\t\t\t<div class=\"elementor-widget-wrap elementor-element-populated\">\n\t\t\t\t\t\t<section class=\"elementor-section elementor-inner-section elementor-element elementor-element-39893c4 elementor-section-height-min-height elementor-section-boxed elementor-section-height-default\" data-id=\"39893c4\" data-element_type=\"section\" data-e-type=\"section\" data-settings=\"{&quot;background_background&quot;:&quot;classic&quot;}\">\n\t\t\t\t\t\t<div class=\"elementor-container elementor-column-gap-default\">\n\t\t\t\t\t<div class=\"elementor-column elementor-col-100 elementor-inner-column elementor-element elementor-element-5e657546\" data-id=\"5e657546\" data-element_type=\"column\" data-e-type=\"column\">\n\t\t\t<div class=\"elementor-widget-wrap\">\n\t\t\t\t\t\t\t<\/div>\n\t\t<\/div>\n\t\t\t\t\t<\/div>\n\t\t<\/section>\n\t\t\t\t\t<\/div>\n\t\t<\/div>\n\t\t\t\t\t<\/div>\n\t\t<\/section>\n\t\t\t\t<section class=\"elementor-section elementor-top-section elementor-element elementor-element-2d6bd7ce elementor-section-boxed elementor-section-height-default elementor-section-height-default\" data-id=\"2d6bd7ce\" data-element_type=\"section\" data-e-type=\"section\" data-settings=\"{&quot;background_background&quot;:&quot;classic&quot;}\">\n\t\t\t\t\t\t\t<div class=\"elementor-background-overlay\"><\/div>\n\t\t\t\t\t\t\t<div class=\"elementor-container elementor-column-gap-default\">\n\t\t\t\t\t<div class=\"elementor-column elementor-col-100 elementor-top-column elementor-element elementor-element-3dce1e74\" data-id=\"3dce1e74\" data-element_type=\"column\" data-e-type=\"column\">\n\t\t\t<div class=\"elementor-widget-wrap elementor-element-populated\">\n\t\t\t\t\t\t<div class=\"elementor-element elementor-element-7daee460 elementor-widget elementor-widget-text-editor\" data-id=\"7daee460\" data-element_type=\"widget\" data-e-type=\"widget\" data-widget_type=\"text-editor.default\">\n\t\t\t\t<div class=\"elementor-widget-container\">\n\t\t\t\t\t\t\t\t\t<h1>Productions<\/h1>\t\t\t\t\t\t\t\t<\/div>\n\t\t\t\t<\/div>\n\t\t\t\t<div class=\"elementor-element elementor-element-415d8918 elementor-widget elementor-widget-image\" data-id=\"415d8918\" data-element_type=\"widget\" data-e-type=\"widget\" data-widget_type=\"image.default\">\n\t\t\t\t<div class=\"elementor-widget-container\">\n\t\t\t\t\t\t\t\t\t\t\t\t\t\t\t<img decoding=\"async\" width=\"434\" height=\"15\" src=\"https:\/\/pire-espece.com\/wp-content\/uploads\/2019\/01\/ligne_h_points_big-1.png\" class=\"attachment-large size-large wp-image-1561\" alt=\"\" srcset=\"https:\/\/pire-espece.com\/wp-content\/uploads\/2019\/01\/ligne_h_points_big-1.png 434w, https:\/\/pire-espece.com\/wp-content\/uploads\/2019\/01\/ligne_h_points_big-1-300x10.png 300w\" sizes=\"(max-width: 434px) 100vw, 434px\" \/>\t\t\t\t\t\t\t\t\t\t\t\t\t\t\t<\/div>\n\t\t\t\t<\/div>\n\t\t\t\t\t<\/div>\n\t\t<\/div>\n\t\t\t\t\t<\/div>\n\t\t<\/section>\n\t\t\t\t<section class=\"elementor-section elementor-top-section elementor-element elementor-element-26e9eebc elementor-section-boxed elementor-section-height-default elementor-section-height-default\" data-id=\"26e9eebc\" data-element_type=\"section\" data-e-type=\"section\" data-settings=\"{&quot;background_background&quot;:&quot;classic&quot;}\">\n\t\t\t\t\t\t\t<div class=\"elementor-background-overlay\"><\/div>\n\t\t\t\t\t\t\t<div class=\"elementor-container elementor-column-gap-default\">\n\t\t\t\t\t<div class=\"elementor-column elementor-col-100 elementor-top-column elementor-element elementor-element-4a744904\" data-id=\"4a744904\" data-element_type=\"column\" data-e-type=\"column\">\n\t\t\t<div class=\"elementor-widget-wrap elementor-element-populated\">\n\t\t\t\t\t\t<div class=\"elementor-element elementor-element-170ee08f elementor-grid-5 elementor-grid-tablet-3 liste-theatrographie animated-fast elementor-posts--thumbnail-top elementor-grid-mobile-1 elementor-invisible elementor-widget elementor-widget-posts\" data-id=\"170ee08f\" data-element_type=\"widget\" data-e-type=\"widget\" data-settings=\"{&quot;custom_columns&quot;:&quot;5&quot;,&quot;custom_columns_tablet&quot;:&quot;3&quot;,&quot;_animation&quot;:&quot;fadeIn&quot;,&quot;custom_columns_mobile&quot;:&quot;1&quot;,&quot;custom_row_gap&quot;:{&quot;unit&quot;:&quot;px&quot;,&quot;size&quot;:35,&quot;sizes&quot;:[]},&quot;custom_row_gap_tablet&quot;:{&quot;unit&quot;:&quot;px&quot;,&quot;size&quot;:&quot;&quot;,&quot;sizes&quot;:[]},&quot;custom_row_gap_mobile&quot;:{&quot;unit&quot;:&quot;px&quot;,&quot;size&quot;:&quot;&quot;,&quot;sizes&quot;:[]}}\" data-widget_type=\"posts.custom\">\n\t\t\t\t<div class=\"elementor-widget-container\">\n\t\t\t\t\t      <div class=\"ecs-posts elementor-posts-container elementor-posts   elementor-grid elementor-posts--skin-custom\" data-settings=\"{&quot;current_page&quot;:1,&quot;max_num_pages&quot;:1,&quot;load_method&quot;:&quot;&quot;,&quot;widget_id&quot;:&quot;170ee08f&quot;,&quot;post_id&quot;:1766,&quot;theme_id&quot;:1766,&quot;change_url&quot;:false,&quot;reinit_js&quot;:false}\">\n      \t\t<article id=\"post-1125\" class=\"elementor-post elementor-grid-item ecs-post-loop post-1125 spectacles type-spectacles status-publish has-post-thumbnail hentry category-repertoire-en category-repertoire tag-productions tag-theatrographie\">\n\t\t\t\t<div data-elementor-type=\"loop\" data-elementor-id=\"594\" class=\"elementor elementor-594 elementor-bc-flex-widget post-1125 spectacles type-spectacles status-publish has-post-thumbnail hentry category-repertoire-en category-repertoire tag-productions tag-theatrographie ast-article-single\" data-elementor-post-type=\"elementor_library\">\n\t\t\t\t\t<section class=\"elementor-section elementor-top-section elementor-element elementor-element-8f28b1d elementor-section-boxed elementor-section-height-default elementor-section-height-default\" data-id=\"8f28b1d\" data-element_type=\"section\" data-e-type=\"section\">\n\t\t\t\t\t\t<div class=\"elementor-container elementor-column-gap-default\">\n\t\t\t\t\t<div class=\"elementor-column elementor-col-100 elementor-top-column elementor-element elementor-element-741a568\" data-id=\"741a568\" data-element_type=\"column\" data-e-type=\"column\">\n\t\t\t<div class=\"elementor-widget-wrap elementor-element-populated\">\n\t\t\t\t\t\t<div class=\"elementor-element elementor-element-53d49ac elementor-widget elementor-widget-image\" data-id=\"53d49ac\" data-element_type=\"widget\" data-e-type=\"widget\" data-widget_type=\"image.default\">\n\t\t\t\t<div class=\"elementor-widget-container\">\n\t\t\t\t\t\t\t\t\t\t\t\t\t\t\t\t<a href=\"https:\/\/pire-espece.com\/en\/shows\/die-reise\/\">\n\t\t\t\t\t\t\t<img fetchpriority=\"high\" decoding=\"async\" width=\"600\" height=\"904\" src=\"https:\/\/pire-espece.com\/wp-content\/uploads\/2019\/01\/affiche-die_reise_hres-laurent_pinabel.jpg\" class=\"attachment-full size-full wp-image-1084\" alt=\"\" srcset=\"https:\/\/pire-espece.com\/wp-content\/uploads\/2019\/01\/affiche-die_reise_hres-laurent_pinabel.jpg 600w, https:\/\/pire-espece.com\/wp-content\/uploads\/2019\/01\/affiche-die_reise_hres-laurent_pinabel-199x300.jpg 199w\" sizes=\"(max-width: 600px) 100vw, 600px\" \/>\t\t\t\t\t\t\t\t<\/a>\n\t\t\t\t\t\t\t\t\t\t\t\t\t\t\t<\/div>\n\t\t\t\t<\/div>\n\t\t\t\t<div class=\"elementor-element elementor-element-679c953 elementor-widget elementor-widget-heading\" data-id=\"679c953\" data-element_type=\"widget\" data-e-type=\"widget\" data-widget_type=\"heading.default\">\n\t\t\t\t<div class=\"elementor-widget-container\">\n\t\t\t\t\t<h3 class=\"elementor-heading-title elementor-size-default\"><a href=\"https:\/\/pire-espece.com\/en\/shows\/die-reise\/\">Die Reise<\/a><\/h3>\t\t\t\t<\/div>\n\t\t\t\t<\/div>\n\t\t\t\t<div class=\"elementor-element elementor-element-2ed5f96 elementor-widget elementor-widget-heading\" data-id=\"2ed5f96\" data-element_type=\"widget\" data-e-type=\"widget\" data-widget_type=\"heading.default\">\n\t\t\t\t<div class=\"elementor-widget-container\">\n\t\t\t\t\t<p class=\"elementor-heading-title elementor-size-default\">2011<\/p>\t\t\t\t<\/div>\n\t\t\t\t<\/div>\n\t\t\t\t\t<\/div>\n\t\t<\/div>\n\t\t\t\t\t<\/div>\n\t\t<\/section>\n\t\t\t\t<\/div>\n\t\t\t\t<\/article>\n\t\t\t\t<\/div>\n\t\t\t\t\t\t<\/div>\n\t\t\t\t<\/div>\n\t\t\t\t\t<\/div>\n\t\t<\/div>\n\t\t\t\t\t<\/div>\n\t\t<\/section>\n\t\t\t\t<\/div>\n\t\t","protected":false},"excerpt":{"rendered":"<p>Productions<\/p>\n","protected":false},"author":1,"featured_media":0,"parent":0,"menu_order":0,"comment_status":"closed","ping_status":"closed","template":"elementor_header_footer","meta":{"_acf_changed":false,"site-sidebar-layout":"no-sidebar","site-content-layout":"page-builder","ast-site-content-layout":"default","site-content-style":"default","site-sidebar-style":"default","ast-global-header-display":"","ast-banner-title-visibility":"","ast-main-header-display":"","ast-hfb-above-header-display":"","ast-hfb-below-header-display":"","ast-hfb-mobile-header-display":"","site-post-title":"disabled","ast-breadcrumbs-content":"","ast-featured-img":"disabled","footer-sml-layout":"","ast-disable-related-posts":"","theme-transparent-header-meta":"default","adv-header-id-meta":"","stick-header-meta":"","header-above-stick-meta":"","header-main-stick-meta":"","header-below-stick-meta":"","astra-migrate-meta-layouts":"default","ast-page-background-enabled":"default","ast-page-background-meta":{"desktop":{"background-color":"var(--ast-global-color-4)","background-image":"","background-repeat":"repeat","background-position":"center center","background-size":"auto","background-attachment":"scroll","background-type":"","background-media":"","overlay-type":"","overlay-color":"","overlay-opacity":"","overlay-gradient":""},"tablet":{"background-color":"","background-image":"","background-repeat":"repeat","background-position":"center center","background-size":"auto","background-attachment":"scroll","background-type":"","background-media":"","overlay-type":"","overlay-color":"","overlay-opacity":"","overlay-gradient":""},"mobile":{"background-color":"","background-image":"","background-repeat":"repeat","background-position":"center center","background-size":"auto","background-attachment":"scroll","background-type":"","background-media":"","overlay-type":"","overlay-color":"","overlay-opacity":"","overlay-gradient":""}},"ast-content-background-meta":{"desktop":{"background-color":"var(--ast-global-color-5)","background-image":"","background-repeat":"repeat","background-position":"center center","background-size":"auto","background-attachment":"scroll","background-type":"","background-media":"","overlay-type":"","overlay-color":"","overlay-opacity":"","overlay-gradient":""},"tablet":{"background-color":"var(--ast-global-color-5)","background-image":"","background-repeat":"repeat","background-position":"center center","background-size":"auto","background-attachment":"scroll","background-type":"","background-media":"","overlay-type":"","overlay-color":"","overlay-opacity":"","overlay-gradient":""},"mobile":{"background-color":"var(--ast-global-color-5)","background-image":"","background-repeat":"repeat","background-position":"center center","background-size":"auto","background-attachment":"scroll","background-type":"","background-media":"","overlay-type":"","overlay-color":"","overlay-opacity":"","overlay-gradient":""}},"footnotes":""},"class_list":["post-1766","page","type-page","status-publish","hentry"],"acf":[],"yoast_head":"<!-- This site is optimized with the Yoast SEO plugin v27.0 - https:\/\/yoast.com\/product\/yoast-seo-wordpress\/ -->\n<title>Productions - Th\u00e9\u00e2tre de la Pire Esp\u00e8ce<\/title>\n<meta name=\"robots\" content=\"index, follow, max-snippet:-1, max-image-preview:large, max-video-preview:-1\" \/>\n<link rel=\"canonical\" href=\"https:\/\/pire-espece.com\/en\/productions\/\" \/>\n<meta property=\"og:locale\" content=\"en_US\" \/>\n<meta property=\"og:type\" content=\"article\" \/>\n<meta property=\"og:title\" content=\"Productions - Th\u00e9\u00e2tre de la Pire Esp\u00e8ce\" \/>\n<meta property=\"og:description\" content=\"Productions\" \/>\n<meta property=\"og:url\" content=\"https:\/\/pire-espece.com\/en\/productions\/\" \/>\n<meta property=\"og:site_name\" content=\"Th\u00e9\u00e2tre de la Pire Esp\u00e8ce\" \/>\n<meta property=\"article:publisher\" content=\"https:\/\/www.facebook.com\/theatredelapireespece\/\" \/>\n<meta property=\"article:modified_time\" content=\"2019-01-17T22:33:57+00:00\" \/>\n<meta property=\"og:image\" content=\"https:\/\/pire-espece.com\/wp-content\/uploads\/2019\/01\/ligne_h_points_big-1.png\" \/>\n<meta name=\"twitter:card\" content=\"summary_large_image\" \/>\n<meta name=\"twitter:site\" content=\"@PireEspece\" \/>\n<script type=\"application\/ld+json\" class=\"yoast-schema-graph\">{\"@context\":\"https:\/\/schema.org\",\"@graph\":[{\"@type\":\"WebPage\",\"@id\":\"https:\/\/pire-espece.com\/en\/productions\/\",\"url\":\"https:\/\/pire-espece.com\/en\/productions\/\",\"name\":\"Productions - Th\u00e9\u00e2tre de la Pire Esp\u00e8ce\",\"isPartOf\":{\"@id\":\"https:\/\/pire-espece.com\/#website\"},\"primaryImageOfPage\":{\"@id\":\"https:\/\/pire-espece.com\/en\/productions\/#primaryimage\"},\"image\":{\"@id\":\"https:\/\/pire-espece.com\/en\/productions\/#primaryimage\"},\"thumbnailUrl\":\"https:\/\/pire-espece.com\/wp-content\/uploads\/2019\/01\/ligne_h_points_big-1.png\",\"datePublished\":\"2019-01-17T22:30:57+00:00\",\"dateModified\":\"2019-01-17T22:33:57+00:00\",\"breadcrumb\":{\"@id\":\"https:\/\/pire-espece.com\/en\/productions\/#breadcrumb\"},\"inLanguage\":\"en-US\",\"potentialAction\":[{\"@type\":\"ReadAction\",\"target\":[\"https:\/\/pire-espece.com\/en\/productions\/\"]}]},{\"@type\":\"ImageObject\",\"inLanguage\":\"en-US\",\"@id\":\"https:\/\/pire-espece.com\/en\/productions\/#primaryimage\",\"url\":\"https:\/\/pire-espece.com\/wp-content\/uploads\/2019\/01\/ligne_h_points_big-1.png\",\"contentUrl\":\"https:\/\/pire-espece.com\/wp-content\/uploads\/2019\/01\/ligne_h_points_big-1.png\"},{\"@type\":\"BreadcrumbList\",\"@id\":\"https:\/\/pire-espece.com\/en\/productions\/#breadcrumb\",\"itemListElement\":[{\"@type\":\"ListItem\",\"position\":1,\"name\":\"Accueil\",\"item\":\"https:\/\/pire-espece.com\/en\/\"},{\"@type\":\"ListItem\",\"position\":2,\"name\":\"Productions\"}]},{\"@type\":\"WebSite\",\"@id\":\"https:\/\/pire-espece.com\/#website\",\"url\":\"https:\/\/pire-espece.com\/\",\"name\":\"Th\u00e9\u00e2tre de la Pire Esp\u00e8ce\",\"description\":\"Compagnie de th\u00e9\u00e2tre d&#039;objets\",\"publisher\":{\"@id\":\"https:\/\/pire-espece.com\/#organization\"},\"potentialAction\":[{\"@type\":\"SearchAction\",\"target\":{\"@type\":\"EntryPoint\",\"urlTemplate\":\"https:\/\/pire-espece.com\/?s={search_term_string}\"},\"query-input\":{\"@type\":\"PropertyValueSpecification\",\"valueRequired\":true,\"valueName\":\"search_term_string\"}}],\"inLanguage\":\"en-US\"},{\"@type\":\"Organization\",\"@id\":\"https:\/\/pire-espece.com\/#organization\",\"name\":\"La Pire Esp\u00e8ce\",\"url\":\"https:\/\/pire-espece.com\/\",\"logo\":{\"@type\":\"ImageObject\",\"inLanguage\":\"en-US\",\"@id\":\"https:\/\/pire-espece.com\/#\/schema\/logo\/image\/\",\"url\":\"https:\/\/pire-espece.com\/wp-content\/uploads\/2019\/02\/logo-pire-espece_rouge.png\",\"contentUrl\":\"https:\/\/pire-espece.com\/wp-content\/uploads\/2019\/02\/logo-pire-espece_rouge.png\",\"width\":200,\"height\":242,\"caption\":\"La Pire Esp\u00e8ce\"},\"image\":{\"@id\":\"https:\/\/pire-espece.com\/#\/schema\/logo\/image\/\"},\"sameAs\":[\"https:\/\/www.facebook.com\/theatredelapireespece\/\",\"https:\/\/x.com\/PireEspece\",\"https:\/\/www.instagram.com\/lapireespece\/\",\"https:\/\/www.youtube.com\/user\/PireEspece\"]}]}<\/script>\n<!-- \/ Yoast SEO plugin. -->","yoast_head_json":{"title":"Productions - Th\u00e9\u00e2tre de la Pire Esp\u00e8ce","robots":{"index":"index","follow":"follow","max-snippet":"max-snippet:-1","max-image-preview":"max-image-preview:large","max-video-preview":"max-video-preview:-1"},"canonical":"https:\/\/pire-espece.com\/en\/productions\/","og_locale":"en_US","og_type":"article","og_title":"Productions - Th\u00e9\u00e2tre de la Pire Esp\u00e8ce","og_description":"Productions","og_url":"https:\/\/pire-espece.com\/en\/productions\/","og_site_name":"Th\u00e9\u00e2tre de la Pire Esp\u00e8ce","article_publisher":"https:\/\/www.facebook.com\/theatredelapireespece\/","article_modified_time":"2019-01-17T22:33:57+00:00","og_image":[{"url":"https:\/\/pire-espece.com\/wp-content\/uploads\/2019\/01\/ligne_h_points_big-1.png","type":"","width":"","height":""}],"twitter_card":"summary_large_image","twitter_site":"@PireEspece","schema":{"@context":"https:\/\/schema.org","@graph":[{"@type":"WebPage","@id":"https:\/\/pire-espece.com\/en\/productions\/","url":"https:\/\/pire-espece.com\/en\/productions\/","name":"Productions - Th\u00e9\u00e2tre de la Pire Esp\u00e8ce","isPartOf":{"@id":"https:\/\/pire-espece.com\/#website"},"primaryImageOfPage":{"@id":"https:\/\/pire-espece.com\/en\/productions\/#primaryimage"},"image":{"@id":"https:\/\/pire-espece.com\/en\/productions\/#primaryimage"},"thumbnailUrl":"https:\/\/pire-espece.com\/wp-content\/uploads\/2019\/01\/ligne_h_points_big-1.png","datePublished":"2019-01-17T22:30:57+00:00","dateModified":"2019-01-17T22:33:57+00:00","breadcrumb":{"@id":"https:\/\/pire-espece.com\/en\/productions\/#breadcrumb"},"inLanguage":"en-US","potentialAction":[{"@type":"ReadAction","target":["https:\/\/pire-espece.com\/en\/productions\/"]}]},{"@type":"ImageObject","inLanguage":"en-US","@id":"https:\/\/pire-espece.com\/en\/productions\/#primaryimage","url":"https:\/\/pire-espece.com\/wp-content\/uploads\/2019\/01\/ligne_h_points_big-1.png","contentUrl":"https:\/\/pire-espece.com\/wp-content\/uploads\/2019\/01\/ligne_h_points_big-1.png"},{"@type":"BreadcrumbList","@id":"https:\/\/pire-espece.com\/en\/productions\/#breadcrumb","itemListElement":[{"@type":"ListItem","position":1,"name":"Accueil","item":"https:\/\/pire-espece.com\/en\/"},{"@type":"ListItem","position":2,"name":"Productions"}]},{"@type":"WebSite","@id":"https:\/\/pire-espece.com\/#website","url":"https:\/\/pire-espece.com\/","name":"Th\u00e9\u00e2tre de la Pire Esp\u00e8ce","description":"Compagnie de th\u00e9\u00e2tre d&#039;objets","publisher":{"@id":"https:\/\/pire-espece.com\/#organization"},"potentialAction":[{"@type":"SearchAction","target":{"@type":"EntryPoint","urlTemplate":"https:\/\/pire-espece.com\/?s={search_term_string}"},"query-input":{"@type":"PropertyValueSpecification","valueRequired":true,"valueName":"search_term_string"}}],"inLanguage":"en-US"},{"@type":"Organization","@id":"https:\/\/pire-espece.com\/#organization","name":"La Pire Esp\u00e8ce","url":"https:\/\/pire-espece.com\/","logo":{"@type":"ImageObject","inLanguage":"en-US","@id":"https:\/\/pire-espece.com\/#\/schema\/logo\/image\/","url":"https:\/\/pire-espece.com\/wp-content\/uploads\/2019\/02\/logo-pire-espece_rouge.png","contentUrl":"https:\/\/pire-espece.com\/wp-content\/uploads\/2019\/02\/logo-pire-espece_rouge.png","width":200,"height":242,"caption":"La Pire Esp\u00e8ce"},"image":{"@id":"https:\/\/pire-espece.com\/#\/schema\/logo\/image\/"},"sameAs":["https:\/\/www.facebook.com\/theatredelapireespece\/","https:\/\/x.com\/PireEspece","https:\/\/www.instagram.com\/lapireespece\/","https:\/\/www.youtube.com\/user\/PireEspece"]}]}},"_links":{"self":[{"href":"https:\/\/pire-espece.com\/en\/wp-json\/wp\/v2\/pages\/1766","targetHints":{"allow":["GET"]}}],"collection":[{"href":"https:\/\/pire-espece.com\/en\/wp-json\/wp\/v2\/pages"}],"about":[{"href":"https:\/\/pire-espece.com\/en\/wp-json\/wp\/v2\/types\/page"}],"author":[{"embeddable":true,"href":"https:\/\/pire-espece.com\/en\/wp-json\/wp\/v2\/users\/1"}],"replies":[{"embeddable":true,"href":"https:\/\/pire-espece.com\/en\/wp-json\/wp\/v2\/comments?post=1766"}],"version-history":[{"count":0,"href":"https:\/\/pire-espece.com\/en\/wp-json\/wp\/v2\/pages\/1766\/revisions"}],"wp:attachment":[{"href":"https:\/\/pire-espece.com\/en\/wp-json\/wp\/v2\/media?parent=1766"}],"curies":[{"name":"wp","href":"https:\/\/api.w.org\/{rel}","templated":true}]}}