{"id":1555,"date":"2019-01-16T12:48:33","date_gmt":"2019-01-16T17:48:33","guid":{"rendered":"https:\/\/pire-espece.com\/?page_id=1555"},"modified":"2024-11-19T16:48:40","modified_gmt":"2024-11-19T21:48:40","slug":"all-our-shows","status":"publish","type":"page","link":"https:\/\/pire-espece.com\/en\/all-our-shows\/","title":{"rendered":"All our shows"},"content":{"rendered":"\t\t<div data-elementor-type=\"wp-post\" data-elementor-id=\"1555\" class=\"elementor elementor-1555 elementor-583\" data-elementor-post-type=\"page\">\n\t\t\t\t\t\t<section class=\"elementor-section elementor-top-section elementor-element elementor-element-166c2118 elementor-section-height-min-height elementor-section-items-bottom elementor-section-boxed elementor-section-height-default\" data-id=\"166c2118\" data-element_type=\"section\" data-e-type=\"section\" data-settings=\"{&quot;background_background&quot;:&quot;classic&quot;}\">\n\t\t\t\t\t\t\t<div class=\"elementor-background-overlay\"><\/div>\n\t\t\t\t\t\t\t<div class=\"elementor-container elementor-column-gap-default\">\n\t\t\t\t\t<div class=\"elementor-column elementor-col-100 elementor-top-column elementor-element elementor-element-6132c7c1\" data-id=\"6132c7c1\" data-element_type=\"column\" data-e-type=\"column\">\n\t\t\t<div class=\"elementor-widget-wrap elementor-element-populated\">\n\t\t\t\t\t\t<section class=\"elementor-section elementor-inner-section elementor-element elementor-element-32394b49 elementor-section-height-min-height elementor-section-boxed elementor-section-height-default\" data-id=\"32394b49\" data-element_type=\"section\" data-e-type=\"section\" data-settings=\"{&quot;background_background&quot;:&quot;classic&quot;}\">\n\t\t\t\t\t\t<div class=\"elementor-container elementor-column-gap-default\">\n\t\t\t\t\t<div class=\"elementor-column elementor-col-100 elementor-inner-column elementor-element elementor-element-5c0f1841\" data-id=\"5c0f1841\" data-element_type=\"column\" data-e-type=\"column\">\n\t\t\t<div class=\"elementor-widget-wrap\">\n\t\t\t\t\t\t\t<\/div>\n\t\t<\/div>\n\t\t\t\t\t<\/div>\n\t\t<\/section>\n\t\t\t\t\t<\/div>\n\t\t<\/div>\n\t\t\t\t\t<\/div>\n\t\t<\/section>\n\t\t\t\t<section class=\"elementor-section elementor-top-section elementor-element elementor-element-66f3ea3 elementor-section-boxed elementor-section-height-default elementor-section-height-default\" data-id=\"66f3ea3\" data-element_type=\"section\" data-e-type=\"section\" data-settings=\"{&quot;background_background&quot;:&quot;classic&quot;}\">\n\t\t\t\t\t\t\t<div class=\"elementor-background-overlay\"><\/div>\n\t\t\t\t\t\t\t<div class=\"elementor-container elementor-column-gap-default\">\n\t\t\t\t\t<div class=\"elementor-column elementor-col-25 elementor-top-column elementor-element elementor-element-8780f38\" data-id=\"8780f38\" data-element_type=\"column\" data-e-type=\"column\">\n\t\t\t<div class=\"elementor-widget-wrap elementor-element-populated\">\n\t\t\t\t\t\t<div class=\"elementor-element elementor-element-063f131 elementor-widget elementor-widget-text-editor\" data-id=\"063f131\" data-element_type=\"widget\" data-e-type=\"widget\" data-widget_type=\"text-editor.default\">\n\t\t\t\t<div class=\"elementor-widget-container\">\n\t\t\t\t\t\t\t\t\t<h2 style=\"text-align: center;\">All our<br \/>Shows<\/h2>\t\t\t\t\t\t\t\t<\/div>\n\t\t\t\t<\/div>\n\t\t\t\t<div class=\"elementor-element elementor-element-b1afcde elementor-widget elementor-widget-image\" data-id=\"b1afcde\" data-element_type=\"widget\" data-e-type=\"widget\" data-widget_type=\"image.default\">\n\t\t\t\t<div class=\"elementor-widget-container\">\n\t\t\t\t\t\t\t\t\t\t\t\t\t\t\t<img decoding=\"async\" width=\"434\" height=\"15\" src=\"https:\/\/pire-espece.com\/wp-content\/uploads\/2024\/11\/ligne_h_points_big.png\" class=\"attachment-large size-large wp-image-8434\" alt=\"\" srcset=\"https:\/\/pire-espece.com\/wp-content\/uploads\/2024\/11\/ligne_h_points_big.png 434w, https:\/\/pire-espece.com\/wp-content\/uploads\/2024\/11\/ligne_h_points_big-300x10.png 300w\" sizes=\"(max-width: 434px) 100vw, 434px\" \/>\t\t\t\t\t\t\t\t\t\t\t\t\t\t\t<\/div>\n\t\t\t\t<\/div>\n\t\t\t\t\t<\/div>\n\t\t<\/div>\n\t\t\t\t<div class=\"elementor-column elementor-col-25 elementor-top-column elementor-element elementor-element-456c0e6\" data-id=\"456c0e6\" data-element_type=\"column\" data-e-type=\"column\">\n\t\t\t<div class=\"elementor-widget-wrap elementor-element-populated\">\n\t\t\t\t\t\t<div class=\"elementor-element elementor-element-a4bc31e elementor-widget elementor-widget-text-editor\" data-id=\"a4bc31e\" data-element_type=\"widget\" data-e-type=\"widget\" data-widget_type=\"text-editor.default\">\n\t\t\t\t<div class=\"elementor-widget-container\">\n\t\t\t\t\t\t\t\t\t<h2 style=\"text-align: center;\"><a href=\"https:\/\/pire-espece.com\/en\/available-for-touring\/\">Available<br \/>for Touring<\/a><\/h2>\t\t\t\t\t\t\t\t<\/div>\n\t\t\t\t<\/div>\n\t\t\t\t<div class=\"elementor-element elementor-element-319dcf5 elementor-widget elementor-widget-image\" data-id=\"319dcf5\" data-element_type=\"widget\" data-e-type=\"widget\" data-widget_type=\"image.default\">\n\t\t\t\t<div class=\"elementor-widget-container\">\n\t\t\t\t\t\t\t\t\t\t\t\t\t\t\t<img decoding=\"async\" width=\"434\" height=\"15\" src=\"https:\/\/pire-espece.com\/wp-content\/uploads\/2024\/11\/ligne_h_points_big.png\" class=\"attachment-large size-large wp-image-8434\" alt=\"\" srcset=\"https:\/\/pire-espece.com\/wp-content\/uploads\/2024\/11\/ligne_h_points_big.png 434w, https:\/\/pire-espece.com\/wp-content\/uploads\/2024\/11\/ligne_h_points_big-300x10.png 300w\" sizes=\"(max-width: 434px) 100vw, 434px\" \/>\t\t\t\t\t\t\t\t\t\t\t\t\t\t\t<\/div>\n\t\t\t\t<\/div>\n\t\t\t\t\t<\/div>\n\t\t<\/div>\n\t\t\t\t<div class=\"elementor-column elementor-col-25 elementor-top-column elementor-element elementor-element-8259432\" data-id=\"8259432\" data-element_type=\"column\" data-e-type=\"column\">\n\t\t\t<div class=\"elementor-widget-wrap elementor-element-populated\">\n\t\t\t\t\t\t<div class=\"elementor-element elementor-element-b7a3138 elementor-widget elementor-widget-text-editor\" data-id=\"b7a3138\" data-element_type=\"widget\" data-e-type=\"widget\" data-widget_type=\"text-editor.default\">\n\t\t\t\t<div class=\"elementor-widget-container\">\n\t\t\t\t\t\t\t\t\t<h2 style=\"text-align: center;\"><a href=\"https:\/\/pire-espece.com\/en\/upcoming\/\">Upcoming<\/a><\/h2>\t\t\t\t\t\t\t\t<\/div>\n\t\t\t\t<\/div>\n\t\t\t\t<div class=\"elementor-element elementor-element-c11b32c elementor-widget elementor-widget-image\" data-id=\"c11b32c\" data-element_type=\"widget\" data-e-type=\"widget\" data-widget_type=\"image.default\">\n\t\t\t\t<div class=\"elementor-widget-container\">\n\t\t\t\t\t\t\t\t\t\t\t\t\t\t\t<img decoding=\"async\" width=\"434\" height=\"15\" src=\"https:\/\/pire-espece.com\/wp-content\/uploads\/2024\/11\/ligne_h_points_big.png\" class=\"attachment-large size-large wp-image-8434\" alt=\"\" srcset=\"https:\/\/pire-espece.com\/wp-content\/uploads\/2024\/11\/ligne_h_points_big.png 434w, https:\/\/pire-espece.com\/wp-content\/uploads\/2024\/11\/ligne_h_points_big-300x10.png 300w\" sizes=\"(max-width: 434px) 100vw, 434px\" \/>\t\t\t\t\t\t\t\t\t\t\t\t\t\t\t<\/div>\n\t\t\t\t<\/div>\n\t\t\t\t\t<\/div>\n\t\t<\/div>\n\t\t\t\t<div class=\"elementor-column elementor-col-25 elementor-top-column elementor-element elementor-element-c97ea10\" data-id=\"c97ea10\" data-element_type=\"column\" data-e-type=\"column\">\n\t\t\t<div class=\"elementor-widget-wrap elementor-element-populated\">\n\t\t\t\t\t\t<div class=\"elementor-element elementor-element-a9abafd elementor-widget elementor-widget-text-editor\" data-id=\"a9abafd\" data-element_type=\"widget\" data-e-type=\"widget\" data-widget_type=\"text-editor.default\">\n\t\t\t\t<div class=\"elementor-widget-container\">\n\t\t\t\t\t\t\t\t\t<h2 style=\"text-align: center;\"><a href=\"https:\/\/pire-espece.com\/en\/co-production\/\">Co-production<\/a><\/h2>\t\t\t\t\t\t\t\t<\/div>\n\t\t\t\t<\/div>\n\t\t\t\t<div class=\"elementor-element elementor-element-5d79ad8 elementor-widget elementor-widget-image\" data-id=\"5d79ad8\" data-element_type=\"widget\" data-e-type=\"widget\" data-widget_type=\"image.default\">\n\t\t\t\t<div class=\"elementor-widget-container\">\n\t\t\t\t\t\t\t\t\t\t\t\t\t\t\t<img decoding=\"async\" width=\"434\" height=\"15\" src=\"https:\/\/pire-espece.com\/wp-content\/uploads\/2024\/11\/ligne_h_points_big.png\" class=\"attachment-large size-large wp-image-8434\" alt=\"\" srcset=\"https:\/\/pire-espece.com\/wp-content\/uploads\/2024\/11\/ligne_h_points_big.png 434w, https:\/\/pire-espece.com\/wp-content\/uploads\/2024\/11\/ligne_h_points_big-300x10.png 300w\" sizes=\"(max-width: 434px) 100vw, 434px\" \/>\t\t\t\t\t\t\t\t\t\t\t\t\t\t\t<\/div>\n\t\t\t\t<\/div>\n\t\t\t\t\t<\/div>\n\t\t<\/div>\n\t\t\t\t\t<\/div>\n\t\t<\/section>\n\t\t\t\t<section class=\"elementor-section elementor-top-section elementor-element elementor-element-778438d0 elementor-section-boxed elementor-section-height-default elementor-section-height-default\" data-id=\"778438d0\" data-element_type=\"section\" data-e-type=\"section\" data-settings=\"{&quot;background_background&quot;:&quot;classic&quot;}\">\n\t\t\t\t\t\t\t<div class=\"elementor-background-overlay\"><\/div>\n\t\t\t\t\t\t\t<div class=\"elementor-container elementor-column-gap-default\">\n\t\t\t\t\t<div class=\"elementor-column elementor-col-100 elementor-top-column elementor-element elementor-element-4791ba9\" data-id=\"4791ba9\" data-element_type=\"column\" data-e-type=\"column\">\n\t\t\t<div class=\"elementor-widget-wrap elementor-element-populated\">\n\t\t\t\t\t\t\t<\/div>\n\t\t<\/div>\n\t\t\t\t\t<\/div>\n\t\t<\/section>\n\t\t\t\t<\/div>\n\t\t","protected":false},"excerpt":{"rendered":"<p>All ourShows Availablefor Touring Upcoming Co-production<\/p>\n","protected":false},"author":1,"featured_media":0,"parent":0,"menu_order":0,"comment_status":"closed","ping_status":"closed","template":"elementor_header_footer","meta":{"_acf_changed":false,"site-sidebar-layout":"no-sidebar","site-content-layout":"page-builder","ast-site-content-layout":"default","site-content-style":"default","site-sidebar-style":"default","ast-global-header-display":"","ast-banner-title-visibility":"","ast-main-header-display":"","ast-hfb-above-header-display":"","ast-hfb-below-header-display":"","ast-hfb-mobile-header-display":"","site-post-title":"disabled","ast-breadcrumbs-content":"","ast-featured-img":"disabled","footer-sml-layout":"","ast-disable-related-posts":"","theme-transparent-header-meta":"default","adv-header-id-meta":"","stick-header-meta":"","header-above-stick-meta":"","header-main-stick-meta":"","header-below-stick-meta":"","astra-migrate-meta-layouts":"default","ast-page-background-enabled":"default","ast-page-background-meta":{"desktop":{"background-color":"var(--ast-global-color-4)","background-image":"","background-repeat":"repeat","background-position":"center center","background-size":"auto","background-attachment":"scroll","background-type":"","background-media":"","overlay-type":"","overlay-color":"","overlay-opacity":"","overlay-gradient":""},"tablet":{"background-color":"","background-image":"","background-repeat":"repeat","background-position":"center center","background-size":"auto","background-attachment":"scroll","background-type":"","background-media":"","overlay-type":"","overlay-color":"","overlay-opacity":"","overlay-gradient":""},"mobile":{"background-color":"","background-image":"","background-repeat":"repeat","background-position":"center center","background-size":"auto","background-attachment":"scroll","background-type":"","background-media":"","overlay-type":"","overlay-color":"","overlay-opacity":"","overlay-gradient":""}},"ast-content-background-meta":{"desktop":{"background-color":"var(--ast-global-color-5)","background-image":"","background-repeat":"repeat","background-position":"center center","background-size":"auto","background-attachment":"scroll","background-type":"","background-media":"","overlay-type":"","overlay-color":"","overlay-opacity":"","overlay-gradient":""},"tablet":{"background-color":"var(--ast-global-color-5)","background-image":"","background-repeat":"repeat","background-position":"center center","background-size":"auto","background-attachment":"scroll","background-type":"","background-media":"","overlay-type":"","overlay-color":"","overlay-opacity":"","overlay-gradient":""},"mobile":{"background-color":"var(--ast-global-color-5)","background-image":"","background-repeat":"repeat","background-position":"center center","background-size":"auto","background-attachment":"scroll","background-type":"","background-media":"","overlay-type":"","overlay-color":"","overlay-opacity":"","overlay-gradient":""}},"footnotes":""},"class_list":["post-1555","page","type-page","status-publish","hentry"],"acf":[],"yoast_head":"<!-- This site is optimized with the Yoast SEO plugin v27.0 - https:\/\/yoast.com\/product\/yoast-seo-wordpress\/ -->\n<title>All our shows - Th\u00e9\u00e2tre de la Pire Esp\u00e8ce<\/title>\n<meta name=\"robots\" content=\"index, follow, max-snippet:-1, max-image-preview:large, max-video-preview:-1\" \/>\n<link rel=\"canonical\" href=\"https:\/\/pire-espece.com\/en\/all-our-shows\/\" \/>\n<meta property=\"og:locale\" content=\"en_US\" \/>\n<meta property=\"og:type\" content=\"article\" \/>\n<meta property=\"og:title\" content=\"All our shows - Th\u00e9\u00e2tre de la Pire Esp\u00e8ce\" \/>\n<meta property=\"og:description\" content=\"All ourShows Availablefor Touring Upcoming Co-production\" \/>\n<meta property=\"og:url\" content=\"https:\/\/pire-espece.com\/en\/all-our-shows\/\" \/>\n<meta property=\"og:site_name\" content=\"Th\u00e9\u00e2tre de la Pire Esp\u00e8ce\" \/>\n<meta property=\"article:publisher\" content=\"https:\/\/www.facebook.com\/theatredelapireespece\/\" \/>\n<meta property=\"article:modified_time\" content=\"2024-11-19T21:48:40+00:00\" \/>\n<meta property=\"og:image\" content=\"https:\/\/pire-espece.com\/wp-content\/uploads\/2024\/11\/ligne_h_points_big.png\" \/>\n\t<meta property=\"og:image:width\" content=\"434\" \/>\n\t<meta property=\"og:image:height\" content=\"15\" \/>\n\t<meta property=\"og:image:type\" content=\"image\/png\" \/>\n<meta name=\"twitter:card\" content=\"summary_large_image\" \/>\n<meta name=\"twitter:site\" content=\"@PireEspece\" \/>\n<script type=\"application\/ld+json\" class=\"yoast-schema-graph\">{\"@context\":\"https:\/\/schema.org\",\"@graph\":[{\"@type\":\"WebPage\",\"@id\":\"https:\/\/pire-espece.com\/en\/all-our-shows\/\",\"url\":\"https:\/\/pire-espece.com\/en\/all-our-shows\/\",\"name\":\"All our shows - Th\u00e9\u00e2tre de la Pire Esp\u00e8ce\",\"isPartOf\":{\"@id\":\"https:\/\/pire-espece.com\/#website\"},\"primaryImageOfPage\":{\"@id\":\"https:\/\/pire-espece.com\/en\/all-our-shows\/#primaryimage\"},\"image\":{\"@id\":\"https:\/\/pire-espece.com\/en\/all-our-shows\/#primaryimage\"},\"thumbnailUrl\":\"https:\/\/pire-espece.com\/wp-content\/uploads\/2024\/11\/ligne_h_points_big.png\",\"datePublished\":\"2019-01-16T17:48:33+00:00\",\"dateModified\":\"2024-11-19T21:48:40+00:00\",\"breadcrumb\":{\"@id\":\"https:\/\/pire-espece.com\/en\/all-our-shows\/#breadcrumb\"},\"inLanguage\":\"en-US\",\"potentialAction\":[{\"@type\":\"ReadAction\",\"target\":[\"https:\/\/pire-espece.com\/en\/all-our-shows\/\"]}]},{\"@type\":\"ImageObject\",\"inLanguage\":\"en-US\",\"@id\":\"https:\/\/pire-espece.com\/en\/all-our-shows\/#primaryimage\",\"url\":\"https:\/\/pire-espece.com\/wp-content\/uploads\/2024\/11\/ligne_h_points_big.png\",\"contentUrl\":\"https:\/\/pire-espece.com\/wp-content\/uploads\/2024\/11\/ligne_h_points_big.png\"},{\"@type\":\"BreadcrumbList\",\"@id\":\"https:\/\/pire-espece.com\/en\/all-our-shows\/#breadcrumb\",\"itemListElement\":[{\"@type\":\"ListItem\",\"position\":1,\"name\":\"Accueil\",\"item\":\"https:\/\/pire-espece.com\/en\/\"},{\"@type\":\"ListItem\",\"position\":2,\"name\":\"All our shows\"}]},{\"@type\":\"WebSite\",\"@id\":\"https:\/\/pire-espece.com\/#website\",\"url\":\"https:\/\/pire-espece.com\/\",\"name\":\"Th\u00e9\u00e2tre de la Pire Esp\u00e8ce\",\"description\":\"Compagnie de th\u00e9\u00e2tre d&#039;objets\",\"publisher\":{\"@id\":\"https:\/\/pire-espece.com\/#organization\"},\"potentialAction\":[{\"@type\":\"SearchAction\",\"target\":{\"@type\":\"EntryPoint\",\"urlTemplate\":\"https:\/\/pire-espece.com\/?s={search_term_string}\"},\"query-input\":{\"@type\":\"PropertyValueSpecification\",\"valueRequired\":true,\"valueName\":\"search_term_string\"}}],\"inLanguage\":\"en-US\"},{\"@type\":\"Organization\",\"@id\":\"https:\/\/pire-espece.com\/#organization\",\"name\":\"La Pire Esp\u00e8ce\",\"url\":\"https:\/\/pire-espece.com\/\",\"logo\":{\"@type\":\"ImageObject\",\"inLanguage\":\"en-US\",\"@id\":\"https:\/\/pire-espece.com\/#\/schema\/logo\/image\/\",\"url\":\"https:\/\/pire-espece.com\/wp-content\/uploads\/2019\/02\/logo-pire-espece_rouge.png\",\"contentUrl\":\"https:\/\/pire-espece.com\/wp-content\/uploads\/2019\/02\/logo-pire-espece_rouge.png\",\"width\":200,\"height\":242,\"caption\":\"La Pire Esp\u00e8ce\"},\"image\":{\"@id\":\"https:\/\/pire-espece.com\/#\/schema\/logo\/image\/\"},\"sameAs\":[\"https:\/\/www.facebook.com\/theatredelapireespece\/\",\"https:\/\/x.com\/PireEspece\",\"https:\/\/www.instagram.com\/lapireespece\/\",\"https:\/\/www.youtube.com\/user\/PireEspece\"]}]}<\/script>\n<!-- \/ Yoast SEO plugin. -->","yoast_head_json":{"title":"All our shows - Th\u00e9\u00e2tre de la Pire Esp\u00e8ce","robots":{"index":"index","follow":"follow","max-snippet":"max-snippet:-1","max-image-preview":"max-image-preview:large","max-video-preview":"max-video-preview:-1"},"canonical":"https:\/\/pire-espece.com\/en\/all-our-shows\/","og_locale":"en_US","og_type":"article","og_title":"All our shows - Th\u00e9\u00e2tre de la Pire Esp\u00e8ce","og_description":"All ourShows Availablefor Touring Upcoming Co-production","og_url":"https:\/\/pire-espece.com\/en\/all-our-shows\/","og_site_name":"Th\u00e9\u00e2tre de la Pire Esp\u00e8ce","article_publisher":"https:\/\/www.facebook.com\/theatredelapireespece\/","article_modified_time":"2024-11-19T21:48:40+00:00","og_image":[{"width":434,"height":15,"url":"https:\/\/pire-espece.com\/wp-content\/uploads\/2024\/11\/ligne_h_points_big.png","type":"image\/png"}],"twitter_card":"summary_large_image","twitter_site":"@PireEspece","schema":{"@context":"https:\/\/schema.org","@graph":[{"@type":"WebPage","@id":"https:\/\/pire-espece.com\/en\/all-our-shows\/","url":"https:\/\/pire-espece.com\/en\/all-our-shows\/","name":"All our shows - Th\u00e9\u00e2tre de la Pire Esp\u00e8ce","isPartOf":{"@id":"https:\/\/pire-espece.com\/#website"},"primaryImageOfPage":{"@id":"https:\/\/pire-espece.com\/en\/all-our-shows\/#primaryimage"},"image":{"@id":"https:\/\/pire-espece.com\/en\/all-our-shows\/#primaryimage"},"thumbnailUrl":"https:\/\/pire-espece.com\/wp-content\/uploads\/2024\/11\/ligne_h_points_big.png","datePublished":"2019-01-16T17:48:33+00:00","dateModified":"2024-11-19T21:48:40+00:00","breadcrumb":{"@id":"https:\/\/pire-espece.com\/en\/all-our-shows\/#breadcrumb"},"inLanguage":"en-US","potentialAction":[{"@type":"ReadAction","target":["https:\/\/pire-espece.com\/en\/all-our-shows\/"]}]},{"@type":"ImageObject","inLanguage":"en-US","@id":"https:\/\/pire-espece.com\/en\/all-our-shows\/#primaryimage","url":"https:\/\/pire-espece.com\/wp-content\/uploads\/2024\/11\/ligne_h_points_big.png","contentUrl":"https:\/\/pire-espece.com\/wp-content\/uploads\/2024\/11\/ligne_h_points_big.png"},{"@type":"BreadcrumbList","@id":"https:\/\/pire-espece.com\/en\/all-our-shows\/#breadcrumb","itemListElement":[{"@type":"ListItem","position":1,"name":"Accueil","item":"https:\/\/pire-espece.com\/en\/"},{"@type":"ListItem","position":2,"name":"All our shows"}]},{"@type":"WebSite","@id":"https:\/\/pire-espece.com\/#website","url":"https:\/\/pire-espece.com\/","name":"Th\u00e9\u00e2tre de la Pire Esp\u00e8ce","description":"Compagnie de th\u00e9\u00e2tre d&#039;objets","publisher":{"@id":"https:\/\/pire-espece.com\/#organization"},"potentialAction":[{"@type":"SearchAction","target":{"@type":"EntryPoint","urlTemplate":"https:\/\/pire-espece.com\/?s={search_term_string}"},"query-input":{"@type":"PropertyValueSpecification","valueRequired":true,"valueName":"search_term_string"}}],"inLanguage":"en-US"},{"@type":"Organization","@id":"https:\/\/pire-espece.com\/#organization","name":"La Pire Esp\u00e8ce","url":"https:\/\/pire-espece.com\/","logo":{"@type":"ImageObject","inLanguage":"en-US","@id":"https:\/\/pire-espece.com\/#\/schema\/logo\/image\/","url":"https:\/\/pire-espece.com\/wp-content\/uploads\/2019\/02\/logo-pire-espece_rouge.png","contentUrl":"https:\/\/pire-espece.com\/wp-content\/uploads\/2019\/02\/logo-pire-espece_rouge.png","width":200,"height":242,"caption":"La Pire Esp\u00e8ce"},"image":{"@id":"https:\/\/pire-espece.com\/#\/schema\/logo\/image\/"},"sameAs":["https:\/\/www.facebook.com\/theatredelapireespece\/","https:\/\/x.com\/PireEspece","https:\/\/www.instagram.com\/lapireespece\/","https:\/\/www.youtube.com\/user\/PireEspece"]}]}},"_links":{"self":[{"href":"https:\/\/pire-espece.com\/en\/wp-json\/wp\/v2\/pages\/1555","targetHints":{"allow":["GET"]}}],"collection":[{"href":"https:\/\/pire-espece.com\/en\/wp-json\/wp\/v2\/pages"}],"about":[{"href":"https:\/\/pire-espece.com\/en\/wp-json\/wp\/v2\/types\/page"}],"author":[{"embeddable":true,"href":"https:\/\/pire-espece.com\/en\/wp-json\/wp\/v2\/users\/1"}],"replies":[{"embeddable":true,"href":"https:\/\/pire-espece.com\/en\/wp-json\/wp\/v2\/comments?post=1555"}],"version-history":[{"count":2,"href":"https:\/\/pire-espece.com\/en\/wp-json\/wp\/v2\/pages\/1555\/revisions"}],"predecessor-version":[{"id":8441,"href":"https:\/\/pire-espece.com\/en\/wp-json\/wp\/v2\/pages\/1555\/revisions\/8441"}],"wp:attachment":[{"href":"https:\/\/pire-espece.com\/en\/wp-json\/wp\/v2\/media?parent=1555"}],"curies":[{"name":"wp","href":"https:\/\/api.w.org\/{rel}","templated":true}]}}