{"id":442,"date":"2019-02-18T11:12:04","date_gmt":"2019-02-18T16:12:04","guid":{"rendered":"https:\/\/pire-espece.com\/bestiaire\/?page_id=442"},"modified":"2019-02-20T15:10:15","modified_gmt":"2019-02-20T20:10:15","slug":"la-pire-espece","status":"publish","type":"page","link":"https:\/\/pire-espece.com\/bestiaire\/la-pire-espece\/","title":{"rendered":"La Pire Esp\u00e8ce"},"content":{"rendered":"\t\t<div data-elementor-type=\"wp-post\" data-elementor-id=\"442\" class=\"elementor elementor-442 elementor-bc-flex-widget\" data-elementor-post-type=\"page\">\n\t\t\t\t\t\t<section class=\"elementor-section elementor-top-section elementor-element elementor-element-afaab32 elementor-section-boxed elementor-section-height-default elementor-section-height-default\" data-id=\"afaab32\" data-element_type=\"section\" data-e-type=\"section\">\n\t\t\t\t\t\t<div class=\"elementor-container elementor-column-gap-default\">\n\t\t\t\t\t<div class=\"elementor-column elementor-col-100 elementor-top-column elementor-element elementor-element-20cb789\" data-id=\"20cb789\" data-element_type=\"column\" data-e-type=\"column\">\n\t\t\t<div class=\"elementor-widget-wrap elementor-element-populated\">\n\t\t\t\t\t\t<div class=\"elementor-element elementor-element-1e862f0 elementor-widget elementor-widget-heading\" data-id=\"1e862f0\" data-element_type=\"widget\" data-e-type=\"widget\" data-widget_type=\"heading.default\">\n\t\t\t\t<div class=\"elementor-widget-container\">\n\t\t\t\t\t<h1 class=\"elementor-heading-title elementor-size-default\">La Pire Esp\u00e8ce<\/h1>\t\t\t\t<\/div>\n\t\t\t\t<\/div>\n\t\t\t\t\t<\/div>\n\t\t<\/div>\n\t\t\t\t\t<\/div>\n\t\t<\/section>\n\t\t\t\t<section class=\"elementor-section elementor-top-section elementor-element elementor-element-641251d elementor-section-boxed elementor-section-height-default elementor-section-height-default\" data-id=\"641251d\" data-element_type=\"section\" data-e-type=\"section\">\n\t\t\t\t\t\t<div class=\"elementor-container elementor-column-gap-default\">\n\t\t\t\t\t<div class=\"elementor-column elementor-col-33 elementor-top-column elementor-element elementor-element-80786d1\" data-id=\"80786d1\" data-element_type=\"column\" data-e-type=\"column\">\n\t\t\t<div class=\"elementor-widget-wrap\">\n\t\t\t\t\t\t\t<\/div>\n\t\t<\/div>\n\t\t\t\t<div class=\"elementor-column elementor-col-33 elementor-top-column elementor-element elementor-element-2d4e0ae\" data-id=\"2d4e0ae\" data-element_type=\"column\" data-e-type=\"column\">\n\t\t\t<div class=\"elementor-widget-wrap elementor-element-populated\">\n\t\t\t\t\t\t<div class=\"elementor-element elementor-element-2958dac elementor-widget elementor-widget-text-editor\" data-id=\"2958dac\" data-element_type=\"widget\" data-e-type=\"widget\" data-widget_type=\"text-editor.default\">\n\t\t\t\t<div class=\"elementor-widget-container\">\n\t\t\t\t\t\t\t\t\t<h3>R\u00e9alisation du Bestiaire<\/h3><p><strong>Illustrations\u00a0:<\/strong> Julie Vall\u00e9e-L\u00e9ger<br \/><strong>R\u00e9dactrice en chef\u00a0:<\/strong> Catherine Voyer-L\u00e9ger<br \/><strong>Auteur.trice.s\u00a0:<\/strong> Catherine Voyer-L\u00e9ger, Anne-Marie Guilmaine, Jonathan Cusson, Olivier Ducas et Francis Monty\u2026<br \/><strong>Conception vid\u00e9o\u00a0:<\/strong> Mathieu Doyon, Julie Vall\u00e9e-L\u00e9ger<br \/><strong>R\u00e9alisation vid\u00e9o\u00a0:<\/strong> Jonathan Cusson, Mathieu Doyon<br \/><strong>Webdesign\u00a0:<\/strong> <a href=\"http:\/\/www.julienberthier.com\" target=\"_blank\" rel=\"noopener\">Julien Berthier<\/a><\/p><h3>L\u2019\u00e9quipe de\u00a0la Pire Esp\u00e8ce<\/h3><p><strong>Directeurs artistiques :<\/strong> Olivier Ducas, Francis Monty<br \/><strong>Administration :<\/strong> Marie-Christine Andr\u00e9<br \/><strong>Communication\u00a0:<\/strong> \u00c9milie Grosset<br \/><strong>Comptabilit\u00e9\u00a0:\u00a0<\/strong>Ren\u00e9e Hudon<br \/><strong>D\u00e9veloppement Canada et international\u00a0:<\/strong> Pascale Joubert<br \/><strong>D\u00e9veloppement France\u00a0:<\/strong> Nadine Lapuyade<br \/><strong>Production :<\/strong> Cl\u00e9mence Doray<\/p><h3>Merci \u00e0 nos g\u00e9n\u00e9reux donateurs<\/h3><p>Contribuez \u00e0 notre <strong><a href=\"https:\/\/pire-espece.com\/dons\/\" target=\"_blank\" rel=\"noopener\">campagne de sociofinancement<\/a><\/strong> pour les 20 ans de la compagnie.<br \/>Vous verrez appara\u00eetre votre nom ci-dessous&#8230;<\/p><h3>Coordonn\u00e9es de la compagnie<\/h3><p><a href=\"http:\/\/www.pire-espece.com\" target=\"_blank\" rel=\"noopener\"><strong>www.pire-espece.com<\/strong><\/a><br \/>Th\u00e9\u00e2tre de la Pire Esp\u00e8ce<br \/>7285, rue Chabot<br \/>Montr\u00e9al (Qu\u00e9bec)<br \/>H2E 2K7 CANADA<br \/>T\u00e9l +1 514 844-1811 poste 455<br \/><strong><a href=\"mailto:info@pire-espece.com\">info@pire-espece.com<\/a><\/strong><\/p>\t\t\t\t\t\t\t\t<\/div>\n\t\t\t\t<\/div>\n\t\t\t\t\t<\/div>\n\t\t<\/div>\n\t\t\t\t<div class=\"elementor-column elementor-col-33 elementor-top-column elementor-element elementor-element-6a02f91\" data-id=\"6a02f91\" data-element_type=\"column\" data-e-type=\"column\">\n\t\t\t<div class=\"elementor-widget-wrap\">\n\t\t\t\t\t\t\t<\/div>\n\t\t<\/div>\n\t\t\t\t\t<\/div>\n\t\t<\/section>\n\t\t\t\t<\/div>\n\t\t","protected":false},"excerpt":{"rendered":"<p>La Pire Esp\u00e8ce R\u00e9alisation du Bestiaire Illustrations\u00a0: Julie Vall\u00e9e-L\u00e9gerR\u00e9dactrice en chef\u00a0: Catherine Voyer-L\u00e9gerAuteur.trice.s\u00a0: Catherine Voyer-L\u00e9ger, Anne-Marie Guilmaine, Jonathan Cusson, Olivier Ducas et Francis Monty\u2026Conception vid\u00e9o\u00a0: Mathieu Doyon, Julie Vall\u00e9e-L\u00e9gerR\u00e9alisation vid\u00e9o\u00a0: Jonathan Cusson, Mathieu DoyonWebdesign\u00a0: Julien Berthier L\u2019\u00e9quipe de\u00a0la Pire Esp\u00e8ce Directeurs artistiques : Olivier Ducas, Francis MontyAdministration : Marie-Christine Andr\u00e9Communication\u00a0: \u00c9milie GrossetComptabilit\u00e9\u00a0:\u00a0Ren\u00e9e HudonD\u00e9veloppement Canada et &hellip; <a href=\"https:\/\/pire-espece.com\/bestiaire\/la-pire-espece\/\" class=\"more-link\">Continuer la lecture<span class=\"screen-reader-text\"> de &laquo;&nbsp;La Pire Esp\u00e8ce&nbsp;&raquo;<\/span><\/a><\/p>\n","protected":false},"author":1,"featured_media":0,"parent":0,"menu_order":0,"comment_status":"closed","ping_status":"closed","template":"elementor_header_footer","meta":{"footnotes":""},"class_list":["post-442","page","type-page","status-publish","hentry"],"yoast_head":"<!-- This site is optimized with the Yoast SEO plugin v27.0 - https:\/\/yoast.com\/product\/yoast-seo-wordpress\/ -->\n<title>La Pire Esp\u00e8ce - Le Bestiaire d&#039;objets<\/title>\n<meta name=\"robots\" content=\"index, follow, max-snippet:-1, max-image-preview:large, max-video-preview:-1\" \/>\n<link rel=\"canonical\" href=\"https:\/\/pire-espece.com\/bestiaire\/la-pire-espece\/\" \/>\n<meta property=\"og:locale\" content=\"fr_FR\" \/>\n<meta property=\"og:type\" content=\"article\" \/>\n<meta property=\"og:title\" content=\"La Pire Esp\u00e8ce - Le Bestiaire d&#039;objets\" \/>\n<meta property=\"og:description\" content=\"La Pire Esp\u00e8ce R\u00e9alisation du Bestiaire Illustrations\u00a0: Julie Vall\u00e9e-L\u00e9gerR\u00e9dactrice en chef\u00a0: Catherine Voyer-L\u00e9gerAuteur.trice.s\u00a0: Catherine Voyer-L\u00e9ger, Anne-Marie Guilmaine, Jonathan Cusson, Olivier Ducas et Francis Monty\u2026Conception vid\u00e9o\u00a0: Mathieu Doyon, Julie Vall\u00e9e-L\u00e9gerR\u00e9alisation vid\u00e9o\u00a0: Jonathan Cusson, Mathieu DoyonWebdesign\u00a0: Julien Berthier L\u2019\u00e9quipe de\u00a0la Pire Esp\u00e8ce Directeurs artistiques : Olivier Ducas, Francis MontyAdministration : Marie-Christine Andr\u00e9Communication\u00a0: \u00c9milie GrossetComptabilit\u00e9\u00a0:\u00a0Ren\u00e9e HudonD\u00e9veloppement Canada et &hellip; Continuer la lecture de &laquo;&nbsp;La Pire Esp\u00e8ce&nbsp;&raquo;\" \/>\n<meta property=\"og:url\" content=\"https:\/\/pire-espece.com\/bestiaire\/la-pire-espece\/\" \/>\n<meta property=\"og:site_name\" content=\"Le Bestiaire d&#039;objets\" \/>\n<meta property=\"article:publisher\" content=\"https:\/\/www.facebook.com\/theatredelapireespece\/\" \/>\n<meta property=\"article:modified_time\" content=\"2019-02-20T20:10:15+00:00\" \/>\n<meta name=\"twitter:card\" content=\"summary_large_image\" \/>\n<meta name=\"twitter:site\" content=\"@PireEspece\" \/>\n<meta name=\"twitter:label1\" content=\"Dur\u00e9e de lecture estim\u00e9e\" \/>\n\t<meta name=\"twitter:data1\" content=\"1 minute\" \/>\n<script type=\"application\/ld+json\" class=\"yoast-schema-graph\">{\"@context\":\"https:\/\/schema.org\",\"@graph\":[{\"@type\":\"WebPage\",\"@id\":\"https:\/\/pire-espece.com\/bestiaire\/la-pire-espece\/\",\"url\":\"https:\/\/pire-espece.com\/bestiaire\/la-pire-espece\/\",\"name\":\"La Pire Esp\u00e8ce - Le Bestiaire d&#039;objets\",\"isPartOf\":{\"@id\":\"https:\/\/pire-espece.com\/bestiaire\/#website\"},\"datePublished\":\"2019-02-18T16:12:04+00:00\",\"dateModified\":\"2019-02-20T20:10:15+00:00\",\"breadcrumb\":{\"@id\":\"https:\/\/pire-espece.com\/bestiaire\/la-pire-espece\/#breadcrumb\"},\"inLanguage\":\"fr-FR\",\"potentialAction\":[{\"@type\":\"ReadAction\",\"target\":[\"https:\/\/pire-espece.com\/bestiaire\/la-pire-espece\/\"]}]},{\"@type\":\"BreadcrumbList\",\"@id\":\"https:\/\/pire-espece.com\/bestiaire\/la-pire-espece\/#breadcrumb\",\"itemListElement\":[{\"@type\":\"ListItem\",\"position\":1,\"name\":\"Accueil\",\"item\":\"https:\/\/pire-espece.com\/bestiaire\/\"},{\"@type\":\"ListItem\",\"position\":2,\"name\":\"La Pire Esp\u00e8ce\"}]},{\"@type\":\"WebSite\",\"@id\":\"https:\/\/pire-espece.com\/bestiaire\/#website\",\"url\":\"https:\/\/pire-espece.com\/bestiaire\/\",\"name\":\"Le Bestiaire d'objets\",\"description\":\"Th\u00e9\u00e2tre de la Pire Esp\u00e8ce\",\"publisher\":{\"@id\":\"https:\/\/pire-espece.com\/bestiaire\/#organization\"},\"potentialAction\":[{\"@type\":\"SearchAction\",\"target\":{\"@type\":\"EntryPoint\",\"urlTemplate\":\"https:\/\/pire-espece.com\/bestiaire\/?s={search_term_string}\"},\"query-input\":{\"@type\":\"PropertyValueSpecification\",\"valueRequired\":true,\"valueName\":\"search_term_string\"}}],\"inLanguage\":\"fr-FR\"},{\"@type\":\"Organization\",\"@id\":\"https:\/\/pire-espece.com\/bestiaire\/#organization\",\"name\":\"Th\u00e9\u00e2tre de la Pire Esp\u00e8ce\",\"url\":\"https:\/\/pire-espece.com\/bestiaire\/\",\"logo\":{\"@type\":\"ImageObject\",\"inLanguage\":\"fr-FR\",\"@id\":\"https:\/\/pire-espece.com\/bestiaire\/#\/schema\/logo\/image\/\",\"url\":\"https:\/\/pire-espece.com\/bestiaire\/wp-content\/uploads\/2019\/02\/roul03vign01_clean.png\",\"contentUrl\":\"https:\/\/pire-espece.com\/bestiaire\/wp-content\/uploads\/2019\/02\/roul03vign01_clean.png\",\"width\":600,\"height\":600,\"caption\":\"Th\u00e9\u00e2tre de la Pire Esp\u00e8ce\"},\"image\":{\"@id\":\"https:\/\/pire-espece.com\/bestiaire\/#\/schema\/logo\/image\/\"},\"sameAs\":[\"https:\/\/www.facebook.com\/theatredelapireespece\/\",\"https:\/\/x.com\/PireEspece\",\"https:\/\/www.instagram.com\/lapireespece\/\",\"https:\/\/www.youtube.com\/user\/PireEspece\"]}]}<\/script>\n<!-- \/ Yoast SEO plugin. -->","yoast_head_json":{"title":"La Pire Esp\u00e8ce - Le Bestiaire d&#039;objets","robots":{"index":"index","follow":"follow","max-snippet":"max-snippet:-1","max-image-preview":"max-image-preview:large","max-video-preview":"max-video-preview:-1"},"canonical":"https:\/\/pire-espece.com\/bestiaire\/la-pire-espece\/","og_locale":"fr_FR","og_type":"article","og_title":"La Pire Esp\u00e8ce - Le Bestiaire d&#039;objets","og_description":"La Pire Esp\u00e8ce R\u00e9alisation du Bestiaire Illustrations\u00a0: Julie Vall\u00e9e-L\u00e9gerR\u00e9dactrice en chef\u00a0: Catherine Voyer-L\u00e9gerAuteur.trice.s\u00a0: Catherine Voyer-L\u00e9ger, Anne-Marie Guilmaine, Jonathan Cusson, Olivier Ducas et Francis Monty\u2026Conception vid\u00e9o\u00a0: Mathieu Doyon, Julie Vall\u00e9e-L\u00e9gerR\u00e9alisation vid\u00e9o\u00a0: Jonathan Cusson, Mathieu DoyonWebdesign\u00a0: Julien Berthier L\u2019\u00e9quipe de\u00a0la Pire Esp\u00e8ce Directeurs artistiques : Olivier Ducas, Francis MontyAdministration : Marie-Christine Andr\u00e9Communication\u00a0: \u00c9milie GrossetComptabilit\u00e9\u00a0:\u00a0Ren\u00e9e HudonD\u00e9veloppement Canada et &hellip; Continuer la lecture de &laquo;&nbsp;La Pire Esp\u00e8ce&nbsp;&raquo;","og_url":"https:\/\/pire-espece.com\/bestiaire\/la-pire-espece\/","og_site_name":"Le Bestiaire d&#039;objets","article_publisher":"https:\/\/www.facebook.com\/theatredelapireespece\/","article_modified_time":"2019-02-20T20:10:15+00:00","twitter_card":"summary_large_image","twitter_site":"@PireEspece","twitter_misc":{"Dur\u00e9e de lecture estim\u00e9e":"1 minute"},"schema":{"@context":"https:\/\/schema.org","@graph":[{"@type":"WebPage","@id":"https:\/\/pire-espece.com\/bestiaire\/la-pire-espece\/","url":"https:\/\/pire-espece.com\/bestiaire\/la-pire-espece\/","name":"La Pire Esp\u00e8ce - Le Bestiaire d&#039;objets","isPartOf":{"@id":"https:\/\/pire-espece.com\/bestiaire\/#website"},"datePublished":"2019-02-18T16:12:04+00:00","dateModified":"2019-02-20T20:10:15+00:00","breadcrumb":{"@id":"https:\/\/pire-espece.com\/bestiaire\/la-pire-espece\/#breadcrumb"},"inLanguage":"fr-FR","potentialAction":[{"@type":"ReadAction","target":["https:\/\/pire-espece.com\/bestiaire\/la-pire-espece\/"]}]},{"@type":"BreadcrumbList","@id":"https:\/\/pire-espece.com\/bestiaire\/la-pire-espece\/#breadcrumb","itemListElement":[{"@type":"ListItem","position":1,"name":"Accueil","item":"https:\/\/pire-espece.com\/bestiaire\/"},{"@type":"ListItem","position":2,"name":"La Pire Esp\u00e8ce"}]},{"@type":"WebSite","@id":"https:\/\/pire-espece.com\/bestiaire\/#website","url":"https:\/\/pire-espece.com\/bestiaire\/","name":"Le Bestiaire d'objets","description":"Th\u00e9\u00e2tre de la Pire Esp\u00e8ce","publisher":{"@id":"https:\/\/pire-espece.com\/bestiaire\/#organization"},"potentialAction":[{"@type":"SearchAction","target":{"@type":"EntryPoint","urlTemplate":"https:\/\/pire-espece.com\/bestiaire\/?s={search_term_string}"},"query-input":{"@type":"PropertyValueSpecification","valueRequired":true,"valueName":"search_term_string"}}],"inLanguage":"fr-FR"},{"@type":"Organization","@id":"https:\/\/pire-espece.com\/bestiaire\/#organization","name":"Th\u00e9\u00e2tre de la Pire Esp\u00e8ce","url":"https:\/\/pire-espece.com\/bestiaire\/","logo":{"@type":"ImageObject","inLanguage":"fr-FR","@id":"https:\/\/pire-espece.com\/bestiaire\/#\/schema\/logo\/image\/","url":"https:\/\/pire-espece.com\/bestiaire\/wp-content\/uploads\/2019\/02\/roul03vign01_clean.png","contentUrl":"https:\/\/pire-espece.com\/bestiaire\/wp-content\/uploads\/2019\/02\/roul03vign01_clean.png","width":600,"height":600,"caption":"Th\u00e9\u00e2tre de la Pire Esp\u00e8ce"},"image":{"@id":"https:\/\/pire-espece.com\/bestiaire\/#\/schema\/logo\/image\/"},"sameAs":["https:\/\/www.facebook.com\/theatredelapireespece\/","https:\/\/x.com\/PireEspece","https:\/\/www.instagram.com\/lapireespece\/","https:\/\/www.youtube.com\/user\/PireEspece"]}]}},"_links":{"self":[{"href":"https:\/\/pire-espece.com\/bestiaire\/wp-json\/wp\/v2\/pages\/442","targetHints":{"allow":["GET"]}}],"collection":[{"href":"https:\/\/pire-espece.com\/bestiaire\/wp-json\/wp\/v2\/pages"}],"about":[{"href":"https:\/\/pire-espece.com\/bestiaire\/wp-json\/wp\/v2\/types\/page"}],"author":[{"embeddable":true,"href":"https:\/\/pire-espece.com\/bestiaire\/wp-json\/wp\/v2\/users\/1"}],"replies":[{"embeddable":true,"href":"https:\/\/pire-espece.com\/bestiaire\/wp-json\/wp\/v2\/comments?post=442"}],"version-history":[{"count":2,"href":"https:\/\/pire-espece.com\/bestiaire\/wp-json\/wp\/v2\/pages\/442\/revisions"}],"predecessor-version":[{"id":670,"href":"https:\/\/pire-espece.com\/bestiaire\/wp-json\/wp\/v2\/pages\/442\/revisions\/670"}],"wp:attachment":[{"href":"https:\/\/pire-espece.com\/bestiaire\/wp-json\/wp\/v2\/media?parent=442"}],"curies":[{"name":"wp","href":"https:\/\/api.w.org\/{rel}","templated":true}]}}