{"id":293,"date":"2019-02-14T11:00:08","date_gmt":"2019-02-14T16:00:08","guid":{"rendered":"https:\/\/pire-espece.com\/bestiaire\/?page_id=293"},"modified":"2019-02-18T21:45:15","modified_gmt":"2019-02-19T02:45:15","slug":"quest-ce-que-le-bestiaire-dobjets","status":"publish","type":"page","link":"https:\/\/pire-espece.com\/bestiaire\/quest-ce-que-le-bestiaire-dobjets\/","title":{"rendered":"Qu&rsquo;est ce que le Bestiaire d&rsquo;objets ?"},"content":{"rendered":"\t\t<div data-elementor-type=\"wp-post\" data-elementor-id=\"293\" class=\"elementor elementor-293 elementor-bc-flex-widget\" data-elementor-post-type=\"page\">\n\t\t\t\t\t\t<section class=\"elementor-section elementor-top-section elementor-element elementor-element-8573bd5 elementor-section-boxed elementor-section-height-default elementor-section-height-default\" data-id=\"8573bd5\" data-element_type=\"section\" data-e-type=\"section\">\n\t\t\t\t\t\t<div class=\"elementor-container elementor-column-gap-default\">\n\t\t\t\t\t<div class=\"elementor-column elementor-col-100 elementor-top-column elementor-element elementor-element-364e2b2\" data-id=\"364e2b2\" data-element_type=\"column\" data-e-type=\"column\">\n\t\t\t<div class=\"elementor-widget-wrap elementor-element-populated\">\n\t\t\t\t\t\t<div class=\"elementor-element elementor-element-77519a5 elementor-widget elementor-widget-heading\" data-id=\"77519a5\" data-element_type=\"widget\" data-e-type=\"widget\" data-widget_type=\"heading.default\">\n\t\t\t\t<div class=\"elementor-widget-container\">\n\t\t\t\t\t<h1 class=\"elementor-heading-title elementor-size-default\">Qu\u2019est ce que le Bestiaire d\u2019objets&nbsp;?<\/h1>\t\t\t\t<\/div>\n\t\t\t\t<\/div>\n\t\t\t\t\t<\/div>\n\t\t<\/div>\n\t\t\t\t\t<\/div>\n\t\t<\/section>\n\t\t\t\t<section class=\"elementor-section elementor-top-section elementor-element elementor-element-f0b11f5 elementor-section-boxed elementor-section-height-default elementor-section-height-default\" data-id=\"f0b11f5\" data-element_type=\"section\" data-e-type=\"section\">\n\t\t\t\t\t\t<div class=\"elementor-container elementor-column-gap-default\">\n\t\t\t\t\t<div class=\"elementor-column elementor-col-33 elementor-top-column elementor-element elementor-element-d9f8d74\" data-id=\"d9f8d74\" data-element_type=\"column\" data-e-type=\"column\">\n\t\t\t<div class=\"elementor-widget-wrap\">\n\t\t\t\t\t\t\t<\/div>\n\t\t<\/div>\n\t\t\t\t<div class=\"elementor-column elementor-col-33 elementor-top-column elementor-element elementor-element-e4878dd\" data-id=\"e4878dd\" data-element_type=\"column\" data-e-type=\"column\">\n\t\t\t<div class=\"elementor-widget-wrap elementor-element-populated\">\n\t\t\t\t\t\t<div class=\"elementor-element elementor-element-422b22e elementor-drop-cap-yes elementor-drop-cap-view-default elementor-widget elementor-widget-text-editor\" data-id=\"422b22e\" data-element_type=\"widget\" data-e-type=\"widget\" data-settings=\"{&quot;drop_cap&quot;:&quot;yes&quot;}\" data-widget_type=\"text-editor.default\">\n\t\t\t\t<div class=\"elementor-widget-container\">\n\t\t\t\t\t\t\t\t\t<p>O\u00f9 trouve-t-on le classement des esp\u00e8ces si ce n\u2019est dans un Bestiaire? Rien d\u2019\u00e9tonnant alors \u00e0 ce que le Th\u00e9\u00e2tre de la Pire Esp\u00e8ce ait ressenti le besoin, pour son anniversaire, d\u2019ouvrir ses classeurs les plus secrets et de donner acc\u00e8s \u00e0 tout ce qui fourmille derri\u00e8re vingt ans de th\u00e9\u00e2tre d\u2019objets.<\/p><p>Non! Ce n&rsquo;est pas de la magie. Non! Ce n&rsquo;est pas de la chance. Tout le succ\u00e8s de la Pire Esp\u00e8ce repose sur la rencontre, et particuli\u00e8rement la rencontre avec l\u2019objet. L\u2019objet! Organisme m\u00e9connu, b\u00eate prot\u00e9iforme et animal de tous les possibles.<\/p><p>Ce Bestiaire, r\u00e9union de nombreux cr\u00e9ateurs et cr\u00e9atrices, rend compte de tout ce qui vibre et palpite dans ce que certains s\u2019obstinent \u00e0 qualifier d\u2019inanim\u00e9. Mais il faudra \u00eatre patient. Une telle jungle ne se d\u00e9voile pas en une nuit : les points d\u2019interrogation sem\u00e9s de-ci de-l\u00e0 sont le symbole des lopins toujours en jach\u00e8re. Visitez le site jusqu\u2019\u00e0 la fin du printemps pour faire de nouvelles d\u00e9couvertes.<\/p><p>Ne vous \u00e9tonnez pas non plus de voir les objets bouger d\u2019une visite \u00e0 l&rsquo;autre. Ce Bestiaire palpite, les petites b\u00eates qui l\u2019habitent ne tiennent pas en place et, surtout, nous croyons fermement qu\u2019il faut faire un peu confiance au hasard pour aborder une telle jungle.<\/p><p>Des trait\u00e9s philosophiques, des souvenirs d\u2019enfance, des t\u00e9moignages d\u2019objets ou des archives : partez \u00e0 la d\u00e9couverte de cette faune qui prolif\u00e8re depuis vingt ans pour donner forme \u00e0 un th\u00e9\u00e2tre in\u00e9dit.<\/p><p>Un th\u00e9\u00e2tre d\u2019une autre esp\u00e8ce. La pire qui soit.<\/p>\t\t\t\t\t\t\t\t<\/div>\n\t\t\t\t<\/div>\n\t\t\t\t\t<\/div>\n\t\t<\/div>\n\t\t\t\t<div class=\"elementor-column elementor-col-33 elementor-top-column elementor-element elementor-element-7018d1c\" data-id=\"7018d1c\" data-element_type=\"column\" data-e-type=\"column\">\n\t\t\t<div class=\"elementor-widget-wrap\">\n\t\t\t\t\t\t\t<\/div>\n\t\t<\/div>\n\t\t\t\t\t<\/div>\n\t\t<\/section>\n\t\t\t\t<\/div>\n\t\t","protected":false},"excerpt":{"rendered":"<p>Qu\u2019est ce que le Bestiaire d\u2019objets&nbsp;? O\u00f9 trouve-t-on le classement des esp\u00e8ces si ce n\u2019est dans un Bestiaire? Rien d\u2019\u00e9tonnant alors \u00e0 ce que le Th\u00e9\u00e2tre de la Pire Esp\u00e8ce ait ressenti le besoin, pour son anniversaire, d\u2019ouvrir ses classeurs les plus secrets et de donner acc\u00e8s \u00e0 tout ce qui fourmille derri\u00e8re vingt ans &hellip; <a href=\"https:\/\/pire-espece.com\/bestiaire\/quest-ce-que-le-bestiaire-dobjets\/\" class=\"more-link\">Continuer la lecture<span class=\"screen-reader-text\"> de &laquo;&nbsp;Qu&rsquo;est ce que le Bestiaire d&rsquo;objets ?&nbsp;&raquo;<\/span><\/a><\/p>\n","protected":false},"author":1,"featured_media":0,"parent":0,"menu_order":0,"comment_status":"closed","ping_status":"closed","template":"elementor_header_footer","meta":{"footnotes":""},"class_list":["post-293","page","type-page","status-publish","hentry"],"yoast_head":"<!-- This site is optimized with the Yoast SEO plugin v27.0 - https:\/\/yoast.com\/product\/yoast-seo-wordpress\/ -->\n<title>Qu&#039;est ce que le Bestiaire d&#039;objets ? - Le Bestiaire d&#039;objets<\/title>\n<meta name=\"robots\" content=\"index, follow, max-snippet:-1, max-image-preview:large, max-video-preview:-1\" \/>\n<link rel=\"canonical\" href=\"https:\/\/pire-espece.com\/bestiaire\/quest-ce-que-le-bestiaire-dobjets\/\" \/>\n<meta property=\"og:locale\" content=\"fr_FR\" \/>\n<meta property=\"og:type\" content=\"article\" \/>\n<meta property=\"og:title\" content=\"Qu&#039;est ce que le Bestiaire d&#039;objets ? - Le Bestiaire d&#039;objets\" \/>\n<meta property=\"og:description\" content=\"Qu\u2019est ce que le Bestiaire d\u2019objets&nbsp;? O\u00f9 trouve-t-on le classement des esp\u00e8ces si ce n\u2019est dans un Bestiaire? Rien d\u2019\u00e9tonnant alors \u00e0 ce que le Th\u00e9\u00e2tre de la Pire Esp\u00e8ce ait ressenti le besoin, pour son anniversaire, d\u2019ouvrir ses classeurs les plus secrets et de donner acc\u00e8s \u00e0 tout ce qui fourmille derri\u00e8re vingt ans &hellip; Continuer la lecture de &laquo;&nbsp;Qu&rsquo;est ce que le Bestiaire d&rsquo;objets ?&nbsp;&raquo;\" \/>\n<meta property=\"og:url\" content=\"https:\/\/pire-espece.com\/bestiaire\/quest-ce-que-le-bestiaire-dobjets\/\" \/>\n<meta property=\"og:site_name\" content=\"Le Bestiaire d&#039;objets\" \/>\n<meta property=\"article:publisher\" content=\"https:\/\/www.facebook.com\/theatredelapireespece\/\" \/>\n<meta property=\"article:modified_time\" content=\"2019-02-19T02:45:15+00:00\" \/>\n<meta name=\"twitter:card\" content=\"summary_large_image\" \/>\n<meta name=\"twitter:site\" content=\"@PireEspece\" \/>\n<meta name=\"twitter:label1\" content=\"Dur\u00e9e de lecture estim\u00e9e\" \/>\n\t<meta name=\"twitter:data1\" content=\"1 minute\" \/>\n<script type=\"application\/ld+json\" class=\"yoast-schema-graph\">{\"@context\":\"https:\/\/schema.org\",\"@graph\":[{\"@type\":\"WebPage\",\"@id\":\"https:\/\/pire-espece.com\/bestiaire\/quest-ce-que-le-bestiaire-dobjets\/\",\"url\":\"https:\/\/pire-espece.com\/bestiaire\/quest-ce-que-le-bestiaire-dobjets\/\",\"name\":\"Qu'est ce que le Bestiaire d'objets ? - Le Bestiaire d&#039;objets\",\"isPartOf\":{\"@id\":\"https:\/\/pire-espece.com\/bestiaire\/#website\"},\"datePublished\":\"2019-02-14T16:00:08+00:00\",\"dateModified\":\"2019-02-19T02:45:15+00:00\",\"breadcrumb\":{\"@id\":\"https:\/\/pire-espece.com\/bestiaire\/quest-ce-que-le-bestiaire-dobjets\/#breadcrumb\"},\"inLanguage\":\"fr-FR\",\"potentialAction\":[{\"@type\":\"ReadAction\",\"target\":[\"https:\/\/pire-espece.com\/bestiaire\/quest-ce-que-le-bestiaire-dobjets\/\"]}]},{\"@type\":\"BreadcrumbList\",\"@id\":\"https:\/\/pire-espece.com\/bestiaire\/quest-ce-que-le-bestiaire-dobjets\/#breadcrumb\",\"itemListElement\":[{\"@type\":\"ListItem\",\"position\":1,\"name\":\"Accueil\",\"item\":\"https:\/\/pire-espece.com\/bestiaire\/\"},{\"@type\":\"ListItem\",\"position\":2,\"name\":\"Qu&rsquo;est ce que le Bestiaire d&rsquo;objets ?\"}]},{\"@type\":\"WebSite\",\"@id\":\"https:\/\/pire-espece.com\/bestiaire\/#website\",\"url\":\"https:\/\/pire-espece.com\/bestiaire\/\",\"name\":\"Le Bestiaire d'objets\",\"description\":\"Th\u00e9\u00e2tre de la Pire Esp\u00e8ce\",\"publisher\":{\"@id\":\"https:\/\/pire-espece.com\/bestiaire\/#organization\"},\"potentialAction\":[{\"@type\":\"SearchAction\",\"target\":{\"@type\":\"EntryPoint\",\"urlTemplate\":\"https:\/\/pire-espece.com\/bestiaire\/?s={search_term_string}\"},\"query-input\":{\"@type\":\"PropertyValueSpecification\",\"valueRequired\":true,\"valueName\":\"search_term_string\"}}],\"inLanguage\":\"fr-FR\"},{\"@type\":\"Organization\",\"@id\":\"https:\/\/pire-espece.com\/bestiaire\/#organization\",\"name\":\"Th\u00e9\u00e2tre de la Pire Esp\u00e8ce\",\"url\":\"https:\/\/pire-espece.com\/bestiaire\/\",\"logo\":{\"@type\":\"ImageObject\",\"inLanguage\":\"fr-FR\",\"@id\":\"https:\/\/pire-espece.com\/bestiaire\/#\/schema\/logo\/image\/\",\"url\":\"https:\/\/pire-espece.com\/bestiaire\/wp-content\/uploads\/2019\/02\/roul03vign01_clean.png\",\"contentUrl\":\"https:\/\/pire-espece.com\/bestiaire\/wp-content\/uploads\/2019\/02\/roul03vign01_clean.png\",\"width\":600,\"height\":600,\"caption\":\"Th\u00e9\u00e2tre de la Pire Esp\u00e8ce\"},\"image\":{\"@id\":\"https:\/\/pire-espece.com\/bestiaire\/#\/schema\/logo\/image\/\"},\"sameAs\":[\"https:\/\/www.facebook.com\/theatredelapireespece\/\",\"https:\/\/x.com\/PireEspece\",\"https:\/\/www.instagram.com\/lapireespece\/\",\"https:\/\/www.youtube.com\/user\/PireEspece\"]}]}<\/script>\n<!-- \/ Yoast SEO plugin. -->","yoast_head_json":{"title":"Qu'est ce que le Bestiaire d'objets ? - Le Bestiaire d&#039;objets","robots":{"index":"index","follow":"follow","max-snippet":"max-snippet:-1","max-image-preview":"max-image-preview:large","max-video-preview":"max-video-preview:-1"},"canonical":"https:\/\/pire-espece.com\/bestiaire\/quest-ce-que-le-bestiaire-dobjets\/","og_locale":"fr_FR","og_type":"article","og_title":"Qu'est ce que le Bestiaire d'objets ? - Le Bestiaire d&#039;objets","og_description":"Qu\u2019est ce que le Bestiaire d\u2019objets&nbsp;? O\u00f9 trouve-t-on le classement des esp\u00e8ces si ce n\u2019est dans un Bestiaire? Rien d\u2019\u00e9tonnant alors \u00e0 ce que le Th\u00e9\u00e2tre de la Pire Esp\u00e8ce ait ressenti le besoin, pour son anniversaire, d\u2019ouvrir ses classeurs les plus secrets et de donner acc\u00e8s \u00e0 tout ce qui fourmille derri\u00e8re vingt ans &hellip; Continuer la lecture de &laquo;&nbsp;Qu&rsquo;est ce que le Bestiaire d&rsquo;objets ?&nbsp;&raquo;","og_url":"https:\/\/pire-espece.com\/bestiaire\/quest-ce-que-le-bestiaire-dobjets\/","og_site_name":"Le Bestiaire d&#039;objets","article_publisher":"https:\/\/www.facebook.com\/theatredelapireespece\/","article_modified_time":"2019-02-19T02:45:15+00:00","twitter_card":"summary_large_image","twitter_site":"@PireEspece","twitter_misc":{"Dur\u00e9e de lecture estim\u00e9e":"1 minute"},"schema":{"@context":"https:\/\/schema.org","@graph":[{"@type":"WebPage","@id":"https:\/\/pire-espece.com\/bestiaire\/quest-ce-que-le-bestiaire-dobjets\/","url":"https:\/\/pire-espece.com\/bestiaire\/quest-ce-que-le-bestiaire-dobjets\/","name":"Qu'est ce que le Bestiaire d'objets ? - Le Bestiaire d&#039;objets","isPartOf":{"@id":"https:\/\/pire-espece.com\/bestiaire\/#website"},"datePublished":"2019-02-14T16:00:08+00:00","dateModified":"2019-02-19T02:45:15+00:00","breadcrumb":{"@id":"https:\/\/pire-espece.com\/bestiaire\/quest-ce-que-le-bestiaire-dobjets\/#breadcrumb"},"inLanguage":"fr-FR","potentialAction":[{"@type":"ReadAction","target":["https:\/\/pire-espece.com\/bestiaire\/quest-ce-que-le-bestiaire-dobjets\/"]}]},{"@type":"BreadcrumbList","@id":"https:\/\/pire-espece.com\/bestiaire\/quest-ce-que-le-bestiaire-dobjets\/#breadcrumb","itemListElement":[{"@type":"ListItem","position":1,"name":"Accueil","item":"https:\/\/pire-espece.com\/bestiaire\/"},{"@type":"ListItem","position":2,"name":"Qu&rsquo;est ce que le Bestiaire d&rsquo;objets ?"}]},{"@type":"WebSite","@id":"https:\/\/pire-espece.com\/bestiaire\/#website","url":"https:\/\/pire-espece.com\/bestiaire\/","name":"Le Bestiaire d'objets","description":"Th\u00e9\u00e2tre de la Pire Esp\u00e8ce","publisher":{"@id":"https:\/\/pire-espece.com\/bestiaire\/#organization"},"potentialAction":[{"@type":"SearchAction","target":{"@type":"EntryPoint","urlTemplate":"https:\/\/pire-espece.com\/bestiaire\/?s={search_term_string}"},"query-input":{"@type":"PropertyValueSpecification","valueRequired":true,"valueName":"search_term_string"}}],"inLanguage":"fr-FR"},{"@type":"Organization","@id":"https:\/\/pire-espece.com\/bestiaire\/#organization","name":"Th\u00e9\u00e2tre de la Pire Esp\u00e8ce","url":"https:\/\/pire-espece.com\/bestiaire\/","logo":{"@type":"ImageObject","inLanguage":"fr-FR","@id":"https:\/\/pire-espece.com\/bestiaire\/#\/schema\/logo\/image\/","url":"https:\/\/pire-espece.com\/bestiaire\/wp-content\/uploads\/2019\/02\/roul03vign01_clean.png","contentUrl":"https:\/\/pire-espece.com\/bestiaire\/wp-content\/uploads\/2019\/02\/roul03vign01_clean.png","width":600,"height":600,"caption":"Th\u00e9\u00e2tre de la Pire Esp\u00e8ce"},"image":{"@id":"https:\/\/pire-espece.com\/bestiaire\/#\/schema\/logo\/image\/"},"sameAs":["https:\/\/www.facebook.com\/theatredelapireespece\/","https:\/\/x.com\/PireEspece","https:\/\/www.instagram.com\/lapireespece\/","https:\/\/www.youtube.com\/user\/PireEspece"]}]}},"_links":{"self":[{"href":"https:\/\/pire-espece.com\/bestiaire\/wp-json\/wp\/v2\/pages\/293","targetHints":{"allow":["GET"]}}],"collection":[{"href":"https:\/\/pire-espece.com\/bestiaire\/wp-json\/wp\/v2\/pages"}],"about":[{"href":"https:\/\/pire-espece.com\/bestiaire\/wp-json\/wp\/v2\/types\/page"}],"author":[{"embeddable":true,"href":"https:\/\/pire-espece.com\/bestiaire\/wp-json\/wp\/v2\/users\/1"}],"replies":[{"embeddable":true,"href":"https:\/\/pire-espece.com\/bestiaire\/wp-json\/wp\/v2\/comments?post=293"}],"version-history":[{"count":2,"href":"https:\/\/pire-espece.com\/bestiaire\/wp-json\/wp\/v2\/pages\/293\/revisions"}],"predecessor-version":[{"id":591,"href":"https:\/\/pire-espece.com\/bestiaire\/wp-json\/wp\/v2\/pages\/293\/revisions\/591"}],"wp:attachment":[{"href":"https:\/\/pire-espece.com\/bestiaire\/wp-json\/wp\/v2\/media?parent=293"}],"curies":[{"name":"wp","href":"https:\/\/api.w.org\/{rel}","templated":true}]}}