{"id":5921,"date":"2022-06-28T09:38:29","date_gmt":"2022-06-28T14:38:29","guid":{"rendered":"https:\/\/pire-espece.com\/abrege\/?page_id=5921"},"modified":"2024-01-24T16:12:32","modified_gmt":"2024-01-24T21:12:32","slug":"grands-principes","status":"publish","type":"page","link":"https:\/\/pire-espece.com\/abrege\/grands-principes\/","title":{"rendered":"1. Grands principes"},"content":{"rendered":"<h2 style=\"text-align:center; margin-top:75px;\"><img src=\"https:\/\/pire-espece.com\/abrege\/wp-content\/uploads\/2024\/01\/vignette-abrege.jpg\" width=\"250\" height=\"250\"> <br><br>Bienvenue sur l'Abr\u00e9g\u00e9 de la Pire Esp\u00e8ce, <br>veuillez vous connecter <a href=\"https:\/\/pire-espece.com\/abrege\/connexion\/\">ici<\/a><\/h2>","protected":false},"excerpt":{"rendered":"<p>Bienvenue sur l&rsquo;Abr\u00e9g\u00e9 de la Pire Esp\u00e8ce, veuillez vous connecter ici<\/p>\n","protected":false},"author":1,"featured_media":0,"parent":0,"menu_order":0,"comment_status":"closed","ping_status":"closed","template":"elementor_header_footer","meta":{"_acf_changed":false,"site-sidebar-layout":"no-sidebar","site-content-layout":"page-builder","ast-site-content-layout":"default","site-content-style":"default","site-sidebar-style":"default","ast-global-header-display":"","ast-banner-title-visibility":"","ast-main-header-display":"","ast-hfb-above-header-display":"","ast-hfb-below-header-display":"","ast-hfb-mobile-header-display":"","site-post-title":"disabled","ast-breadcrumbs-content":"","ast-featured-img":"disabled","footer-sml-layout":"","ast-disable-related-posts":"","theme-transparent-header-meta":"","adv-header-id-meta":"","stick-header-meta":"","header-above-stick-meta":"","header-main-stick-meta":"","header-below-stick-meta":"","astra-migrate-meta-layouts":"default","ast-page-background-enabled":"default","ast-page-background-meta":{"desktop":{"background-color":"","background-image":"","background-repeat":"repeat","background-position":"center center","background-size":"auto","background-attachment":"scroll","background-type":"","background-media":"","overlay-type":"","overlay-color":"","overlay-opacity":"","overlay-gradient":""},"tablet":{"background-color":"","background-image":"","background-repeat":"repeat","background-position":"center center","background-size":"auto","background-attachment":"scroll","background-type":"","background-media":"","overlay-type":"","overlay-color":"","overlay-opacity":"","overlay-gradient":""},"mobile":{"background-color":"","background-image":"","background-repeat":"repeat","background-position":"center center","background-size":"auto","background-attachment":"scroll","background-type":"","background-media":"","overlay-type":"","overlay-color":"","overlay-opacity":"","overlay-gradient":""}},"ast-content-background-meta":{"desktop":{"background-color":"var(--ast-global-color-5)","background-image":"","background-repeat":"repeat","background-position":"center center","background-size":"auto","background-attachment":"scroll","background-type":"","background-media":"","overlay-type":"","overlay-color":"","overlay-opacity":"","overlay-gradient":""},"tablet":{"background-color":"var(--ast-global-color-5)","background-image":"","background-repeat":"repeat","background-position":"center center","background-size":"auto","background-attachment":"scroll","background-type":"","background-media":"","overlay-type":"","overlay-color":"","overlay-opacity":"","overlay-gradient":""},"mobile":{"background-color":"var(--ast-global-color-5)","background-image":"","background-repeat":"repeat","background-position":"center center","background-size":"auto","background-attachment":"scroll","background-type":"","background-media":"","overlay-type":"","overlay-color":"","overlay-opacity":"","overlay-gradient":""}},"footnotes":""},"class_list":["post-5921","page","type-page","status-publish","hentry"],"acf":[],"_links":{"self":[{"href":"https:\/\/pire-espece.com\/abrege\/wp-json\/wp\/v2\/pages\/5921","targetHints":{"allow":["GET"]}}],"collection":[{"href":"https:\/\/pire-espece.com\/abrege\/wp-json\/wp\/v2\/pages"}],"about":[{"href":"https:\/\/pire-espece.com\/abrege\/wp-json\/wp\/v2\/types\/page"}],"author":[{"embeddable":true,"href":"https:\/\/pire-espece.com\/abrege\/wp-json\/wp\/v2\/users\/1"}],"replies":[{"embeddable":true,"href":"https:\/\/pire-espece.com\/abrege\/wp-json\/wp\/v2\/comments?post=5921"}],"version-history":[{"count":2,"href":"https:\/\/pire-espece.com\/abrege\/wp-json\/wp\/v2\/pages\/5921\/revisions"}],"predecessor-version":[{"id":7776,"href":"https:\/\/pire-espece.com\/abrege\/wp-json\/wp\/v2\/pages\/5921\/revisions\/7776"}],"wp:attachment":[{"href":"https:\/\/pire-espece.com\/abrege\/wp-json\/wp\/v2\/media?parent=5921"}],"curies":[{"name":"wp","href":"https:\/\/api.w.org\/{rel}","templated":true}]}}